{"id":2302,"date":"2025-09-10T14:04:37","date_gmt":"2025-09-10T14:04:37","guid":{"rendered":"https:\/\/www.alessandrolucianicasa.it\/ueber-uns\/"},"modified":"2025-10-17T21:29:09","modified_gmt":"2025-10-17T21:29:09","slug":"ueber-uns","status":"publish","type":"page","link":"https:\/\/www.alessandrolucianicasa.it\/de\/ueber-uns\/","title":{"rendered":"\u00dcber uns"},"content":{"rendered":"<div class=\"wpb-content-wrapper\"><p>[vc_row woodmart_stretch_content=&#8221;section-stretch-content-no-pd&#8221; woodmart_bg_position=&#8221;center-center&#8221; css=&#8221;.vc_custom_1758290386392{margin-top: 0px !important;margin-right: -20px !important;margin-left: -20px !important;padding-top: 200px !important;padding-bottom: 200px !important;background-image: url(https:\/\/www.alessandrolucianicasa.it\/wp-content\/uploads\/2025\/09\/Presentazione_Digitale_ALC_-_6_Foto_22.jpg-scaled.webp?id=229) !important;background-position: center !important;background-repeat: no-repeat !important;background-size: cover !important;}&#8221; woodmart_css_id=&#8221;68cd61ae9f59d&#8221; responsive_spacing=&#8221;eyJwYXJhbV90eXBlIjoid29vZG1hcnRfcmVzcG9uc2l2ZV9zcGFjaW5nIiwic2VsZWN0b3JfaWQiOiI2OGNkNjFhZTlmNTlkIiwic2hvcnRjb2RlIjoidmNfcm93IiwiZGF0YSI6eyJ0YWJsZXQiOnt9LCJtb2JpbGUiOnt9fX0=&#8221; mobile_bg_img_hidden=&#8221;no&#8221; tablet_bg_img_hidden=&#8221;no&#8221; woodmart_parallax=&#8221;0&#8243; woodmart_gradient_switch=&#8221;no&#8221; woodmart_box_shadow=&#8221;no&#8221; wd_z_index=&#8221;no&#8221; woodmart_disable_overflow=&#8221;0&#8243; row_reverse_mobile=&#8221;0&#8243; row_reverse_tablet=&#8221;0&#8243;][vc_column woodmart_bg_position=&#8221;center-bottom&#8221; woodmart_css_id=&#8221;68cc9df731a70&#8243; parallax_scroll=&#8221;no&#8221; woodmart_sticky_column=&#8221;false&#8221; wd_collapsible_content_switcher=&#8221;no&#8221; wd_column_role_offcanvas_desktop=&#8221;no&#8221; wd_column_role_offcanvas_tablet=&#8221;no&#8221; wd_column_role_offcanvas_mobile=&#8221;no&#8221; wd_column_role_content_desktop=&#8221;no&#8221; wd_column_role_content_tablet=&#8221;no&#8221; wd_column_role_content_mobile=&#8221;no&#8221; mobile_bg_img_hidden=&#8221;no&#8221; tablet_bg_img_hidden=&#8221;no&#8221; woodmart_parallax=&#8221;0&#8243; woodmart_box_shadow=&#8221;no&#8221; responsive_spacing=&#8221;eyJwYXJhbV90eXBlIjoid29vZG1hcnRfcmVzcG9uc2l2ZV9zcGFjaW5nIiwic2VsZWN0b3JfaWQiOiI2OGNjOWRmNzMxYTcwIiwic2hvcnRjb2RlIjoidmNfY29sdW1uIiwiZGF0YSI6eyJ0YWJsZXQiOnt9LCJtb2JpbGUiOnt9fX0=&#8221; mobile_reset_margin=&#8221;no&#8221; tablet_reset_margin=&#8221;no&#8221; wd_z_index=&#8221;no&#8221;][\/vc_column][\/vc_row][vc_row css=&#8221;.vc_custom_1757670043105{margin-top: 50px !important;margin-bottom: 50px !important;}&#8221; woodmart_css_id=&#8221;68c3ea95aa94d&#8221; responsive_spacing=&#8221;eyJwYXJhbV90eXBlIjoid29vZG1hcnRfcmVzcG9uc2l2ZV9zcGFjaW5nIiwic2VsZWN0b3JfaWQiOiI2OGMzZWE5NWFhOTRkIiwic2hvcnRjb2RlIjoidmNfcm93IiwiZGF0YSI6eyJ0YWJsZXQiOnt9LCJtb2JpbGUiOnt9fX0=&#8221; mobile_bg_img_hidden=&#8221;no&#8221; tablet_bg_img_hidden=&#8221;no&#8221; woodmart_parallax=&#8221;0&#8243; woodmart_gradient_switch=&#8221;no&#8221; woodmart_box_shadow=&#8221;no&#8221; wd_z_index=&#8221;no&#8221; woodmart_disable_overflow=&#8221;0&#8243; row_reverse_mobile=&#8221;0&#8243; row_reverse_tablet=&#8221;0&#8243;][vc_column width=&#8221;1\/4&#8243;][\/vc_column][vc_column width=&#8221;7\/12&#8243; woodmart_text_align=&#8221;left&#8221; woodmart_css_id=&#8221;68c9bb1434fe3&#8243; parallax_scroll=&#8221;no&#8221; woodmart_sticky_column=&#8221;false&#8221; wd_collapsible_content_switcher=&#8221;no&#8221; wd_column_role_offcanvas_desktop=&#8221;no&#8221; wd_column_role_offcanvas_tablet=&#8221;no&#8221; wd_column_role_offcanvas_mobile=&#8221;no&#8221; wd_column_role_content_desktop=&#8221;no&#8221; wd_column_role_content_tablet=&#8221;no&#8221; wd_column_role_content_mobile=&#8221;no&#8221; mobile_bg_img_hidden=&#8221;no&#8221; tablet_bg_img_hidden=&#8221;no&#8221; woodmart_parallax=&#8221;0&#8243; woodmart_box_shadow=&#8221;no&#8221; responsive_spacing=&#8221;eyJwYXJhbV90eXBlIjoid29vZG1hcnRfcmVzcG9uc2l2ZV9zcGFjaW5nIiwic2VsZWN0b3JfaWQiOiI2OGM5YmIxNDM0ZmUzIiwic2hvcnRjb2RlIjoidmNfY29sdW1uIiwiZGF0YSI6eyJ0YWJsZXQiOnt9LCJtb2JpbGUiOnt9fX0=&#8221; mobile_reset_margin=&#8221;no&#8221; tablet_reset_margin=&#8221;no&#8221; wd_z_index=&#8221;no&#8221;][vc_column_text css=&#8221;&#8221; woodmart_inline=&#8221;no&#8221; text_larger=&#8221;no&#8221;]<\/p>\n<h1 style=\"text-align: left;\">ALESSANDRO LUCIANI CASA<\/h1>\n<p>[\/vc_column_text][vc_column_text css=&#8221;&#8221; woodmart_inline=&#8221;no&#8221; text_larger=&#8221;no&#8221;]Wo der Begriff Casa ein unverwechselbares Element der internationalen Anerkennung des italienischen Stils sein soll.<br \/>\nEine Kollektion, die Design und Mode vereint, um Emotionen und eine sehr starke Energie zu vermitteln, bestehend aus exklusiven, massgeschneiderten Elementen, die bis ins kleinste Detail mit grosser Aufmerksamkeit auf Komfort und Funktionalit\u00e4t gepflegt und mit hochwertigsten Materialien im Zeichen handwerklicher Exzellenz Made in Italy hergestellt werden.<br \/>\nEine Kollektion mit glamour\u00f6sem Akzent, Ausdruck der Kreativit\u00e4t, der Vision und des kompromisslosen Stils von Alessandro Luciani, gewidmet allen Liebhabern von Farbe und Leben, um ihre Umgebungen aussergew\u00f6hnlich einzigartig und elegant zu machen.<br \/>\nEine originelle und unkonventionelle \u00c4sthetik, entworfen f\u00fcr diejenigen, die es lieben, in anregenden R\u00e4umen zu leben, bestehend aus originellen M\u00f6belobjekten und Designs in vielen Farbvarianten, die miteinander kombiniert werden k\u00f6nnen, um jedes Mal ein neues Erlebnis zu schaffen. Exklusive, personalisierte und kontinuierlich personalisierbare Umgebungen, ein Werden von anspruchsvollen und gleichzeitig spielerischen Atmosph\u00e4ren.[\/vc_column_text][\/vc_column][\/vc_row][vc_row woodmart_stretch_content=&#8221;section-stretch-content-no-pd&#8221; woodmart_css_id=&#8221;68d6f5abbb543&#8243; responsive_spacing=&#8221;eyJwYXJhbV90eXBlIjoid29vZG1hcnRfcmVzcG9uc2l2ZV9zcGFjaW5nIiwic2VsZWN0b3JfaWQiOiI2OGQ2ZjVhYmJiNTQzIiwic2hvcnRjb2RlIjoidmNfcm93IiwiZGF0YSI6eyJ0YWJsZXQiOnt9LCJtb2JpbGUiOnt9fX0=&#8221; mobile_bg_img_hidden=&#8221;no&#8221; tablet_bg_img_hidden=&#8221;no&#8221; woodmart_parallax=&#8221;0&#8243; woodmart_gradient_switch=&#8221;no&#8221; woodmart_box_shadow=&#8221;no&#8221; wd_z_index=&#8221;no&#8221; woodmart_disable_overflow=&#8221;0&#8243; row_reverse_mobile=&#8221;0&#8243; row_reverse_tablet=&#8221;0&#8243; css=&#8221;.vc_custom_1758918068186{margin-top: -50px !important;margin-right: -40px !important;margin-bottom: -50px !important;padding-bottom: 0px !important;}&#8221;][vc_column css=&#8221;.vc_custom_1758918102700{margin-top: 0px !important;}&#8221; woodmart_css_id=&#8221;68d6f5cf9f1c2&#8243; parallax_scroll=&#8221;no&#8221; woodmart_sticky_column=&#8221;false&#8221; wd_collapsible_content_switcher=&#8221;no&#8221; wd_column_role_offcanvas_desktop=&#8221;no&#8221; wd_column_role_offcanvas_tablet=&#8221;no&#8221; wd_column_role_offcanvas_mobile=&#8221;no&#8221; wd_column_role_content_desktop=&#8221;no&#8221; wd_column_role_content_tablet=&#8221;no&#8221; wd_column_role_content_mobile=&#8221;no&#8221; mobile_bg_img_hidden=&#8221;no&#8221; tablet_bg_img_hidden=&#8221;no&#8221; woodmart_parallax=&#8221;0&#8243; woodmart_box_shadow=&#8221;no&#8221; responsive_spacing=&#8221;eyJwYXJhbV90eXBlIjoid29vZG1hcnRfcmVzcG9uc2l2ZV9zcGFjaW5nIiwic2VsZWN0b3JfaWQiOiI2OGQ2ZjVjZjlmMWMyIiwic2hvcnRjb2RlIjoidmNfY29sdW1uIiwiZGF0YSI6eyJ0YWJsZXQiOnt9LCJtb2JpbGUiOnt9fX0=&#8221; mobile_reset_margin=&#8221;no&#8221; tablet_reset_margin=&#8221;no&#8221; wd_z_index=&#8221;no&#8221;][vc_single_image image=&#8221;2305&#8243; img_size=&#8221;large&#8221; alignment=&#8221;center&#8221; css=&#8221;&#8221; parallax_scroll=&#8221;no&#8221; woodmart_inline=&#8221;no&#8221;][\/vc_column][\/vc_row][vc_row woodmart_stretch_content=&#8221;section-stretch&#8221; css=&#8221;.vc_custom_1758918136208{margin-top: -40px !important;margin-bottom: -60px !important;padding-top: 30px !important;padding-bottom: 50px !important;background-color: #FFFFFF !important;}&#8221; woodmart_css_id=&#8221;68d6f5ee0fa77&#8243; responsive_spacing=&#8221;eyJwYXJhbV90eXBlIjoid29vZG1hcnRfcmVzcG9uc2l2ZV9zcGFjaW5nIiwic2VsZWN0b3JfaWQiOiI2OGQ2ZjVlZTBmYTc3Iiwic2hvcnRjb2RlIjoidmNfcm93IiwiZGF0YSI6eyJ0YWJsZXQiOnt9LCJtb2JpbGUiOnt9fX0=&#8221; mobile_bg_img_hidden=&#8221;no&#8221; tablet_bg_img_hidden=&#8221;no&#8221; woodmart_parallax=&#8221;0&#8243; woodmart_gradient_switch=&#8221;no&#8221; woodmart_box_shadow=&#8221;no&#8221; wd_z_index=&#8221;no&#8221; woodmart_disable_overflow=&#8221;0&#8243; row_reverse_mobile=&#8221;0&#8243; row_reverse_tablet=&#8221;0&#8243;][vc_column width=&#8221;1\/4&#8243;][\/vc_column][vc_column width=&#8221;1\/2&#8243; css=&#8221;.vc_custom_1758050728626{background-color: #00000000 !important;border-color: #00000000 !important;}&#8221; woodmart_css_id=&#8221;68c9b97a376ea&#8221; parallax_scroll=&#8221;no&#8221; woodmart_sticky_column=&#8221;false&#8221; wd_collapsible_content_switcher=&#8221;no&#8221; wd_column_role_offcanvas_desktop=&#8221;no&#8221; wd_column_role_offcanvas_tablet=&#8221;no&#8221; wd_column_role_offcanvas_mobile=&#8221;no&#8221; wd_column_role_content_desktop=&#8221;no&#8221; wd_column_role_content_tablet=&#8221;no&#8221; wd_column_role_content_mobile=&#8221;no&#8221; mobile_bg_img_hidden=&#8221;no&#8221; tablet_bg_img_hidden=&#8221;no&#8221; woodmart_parallax=&#8221;0&#8243; woodmart_box_shadow=&#8221;no&#8221; responsive_spacing=&#8221;eyJwYXJhbV90eXBlIjoid29vZG1hcnRfcmVzcG9uc2l2ZV9zcGFjaW5nIiwic2VsZWN0b3JfaWQiOiI2OGM5Yjk3YTM3NmVhIiwic2hvcnRjb2RlIjoidmNfY29sdW1uIiwiZGF0YSI6eyJ0YWJsZXQiOnt9LCJtb2JpbGUiOnt9fX0=&#8221; mobile_reset_margin=&#8221;no&#8221; tablet_reset_margin=&#8221;no&#8221; wd_z_index=&#8221;no&#8221;][vc_column_text css_animation=&#8221;fadeIn&#8221; css=&#8221;&#8221; woodmart_color_scheme=&#8221;dark&#8221; woodmart_inline=&#8221;no&#8221; text_larger=&#8221;no&#8221;]<\/p>\n<h4 style=\"text-align: left;\"><span style=\"color: #000000;\">Alessandro Luciani<\/span><\/h4>\n<p><span style=\"color: #000000;\">Alessandro Luciani, ein vision\u00e4rer, kreativer, innovativer, vielseitiger Designer, Experte f\u00fcr die Welt des Einzelhandels und des Hauses mit einer starken Leidenschaft f\u00fcr Mode und einem ganzheitlichen Ansatz f\u00fcr das Projekt.<\/span><br \/>\n<span style=\"color: #000000;\">Von der Entwicklung neuer Retail-Konzepte f\u00fcr ber\u00fchmte nationale und internationale Marken bis hin zu Interior Design und kreativer Leitung. Alessandro Luciani entwickelt neue Umgebungen und schafft neue menschliche und Verkaufserlebnisse, die sich auf das Konzept der Multisensorik konzentrieren und zum individuellen Wohlbefinden beitragen. <\/span><br \/>\n<span style=\"color: #000000;\">AWARDS \u00dcber 25 nationale und internationale Designpreise, die in den letzten Jahren gewonnen wurden, darunter der prestigetr\u00e4chtige Award \u201eInternational Design Competition\u201c \u201eBest of the Best\u201c Class 2020, der vom Retail Design Institute USA f\u00fcr das Projekt \u201eSpazio Lenovo\u201c in Mailand, im zentralen Modeviertel, verliehen wurde, die \u201eInternational Store Design Awards\u201c f\u00fcr den ersten europ\u00e4ischen Experience Store von Huawei, die &#8220;German Design Awards&#8221; im Jahr 2019 und der &#8220;Global POPAI Award&#8221; in Las Vegas f\u00fcr das Projekt Pirelli.<\/span><\/p>\n<p><span style=\"color: #000000;\">Er ist einer der Autoren des Buches Retail Design e Marketing (FrancoAngeli editore) und einer der Dozenten des Poli.Design Milano, der Business School Sole 24ore und des Italian Design Institute. Zahlreiche Ver\u00f6ffentlichungen in nationalen und internationalen Magazinen, darunter PLATFORM, DDN, INTERNI, IFDM, VSMD, RETAIL ENVIRONMENTS, SHOP STYLE. Unter den B\u00fcchern: Retail Space \u201eSmall Stores\u201c und Store Of The Year N\u00b019 und 21 (RSD USA). Autor des Buches \u201eNEGOZIO DI SUCCESSO\u201c.   <\/span>[\/vc_column_text][\/vc_column][vc_column width=&#8221;1\/4&#8243;][\/vc_column][\/vc_row]<\/p>\n<\/div>","protected":false},"excerpt":{"rendered":"<p>[vc_row woodmart_stretch_content=&#8221;section-stretch-content-no-pd&#8221; woodmart_bg_position=&#8221;center-center&#8221; css=&#8221;.vc_custom_1758290386392{margin-top: 0px !important;margin-right: -20px !important;margin-left: -20px !important;padding-top: 200px !important;padding-bottom: 200px !important;background-image: url(https:\/\/www.alessandrolucianicasa.it\/wp-content\/uploads\/2025\/09\/Presentazione_Digitale_ALC_-_6_Foto_22.jpg-scaled.webp?id=229) !important;background-position: center !important;background-repeat: no-repeat !important;background-size:<\/p>\n","protected":false},"author":1,"featured_media":0,"parent":0,"menu_order":0,"comment_status":"closed","ping_status":"closed","template":"","meta":{"footnotes":""},"class_list":["post-2302","page","type-page","status-publish","hentry"],"_links":{"self":[{"href":"https:\/\/www.alessandrolucianicasa.it\/de\/wp-json\/wp\/v2\/pages\/2302","targetHints":{"allow":["GET"]}}],"collection":[{"href":"https:\/\/www.alessandrolucianicasa.it\/de\/wp-json\/wp\/v2\/pages"}],"about":[{"href":"https:\/\/www.alessandrolucianicasa.it\/de\/wp-json\/wp\/v2\/types\/page"}],"author":[{"embeddable":true,"href":"https:\/\/www.alessandrolucianicasa.it\/de\/wp-json\/wp\/v2\/users\/1"}],"replies":[{"embeddable":true,"href":"https:\/\/www.alessandrolucianicasa.it\/de\/wp-json\/wp\/v2\/comments?post=2302"}],"version-history":[{"count":11,"href":"https:\/\/www.alessandrolucianicasa.it\/de\/wp-json\/wp\/v2\/pages\/2302\/revisions"}],"predecessor-version":[{"id":2347,"href":"https:\/\/www.alessandrolucianicasa.it\/de\/wp-json\/wp\/v2\/pages\/2302\/revisions\/2347"}],"wp:attachment":[{"href":"https:\/\/www.alessandrolucianicasa.it\/de\/wp-json\/wp\/v2\/media?parent=2302"}],"curies":[{"name":"wp","href":"https:\/\/api.w.org\/{rel}","templated":true}]}}