{"id":2559,"date":"2025-09-20T23:00:59","date_gmt":"2025-09-20T23:00:59","guid":{"rendered":"https:\/\/www.alessandrolucianicasa.it\/prodotto\/ibiza-leere-taschen-aus-handgefertigtem-porzellan-mit-goldfinish\/"},"modified":"2025-11-03T09:32:10","modified_gmt":"2025-11-03T09:32:10","slug":"ibiza-leere-taschen-aus-handgefertigtem-porzellan-mit-goldfinish","status":"publish","type":"product","link":"https:\/\/www.alessandrolucianicasa.it\/de\/prodotto\/ibiza-leere-taschen-aus-handgefertigtem-porzellan-mit-goldfinish\/","title":{"rendered":"Ibiza, Leere Taschen aus Porzellan, Goldfaden"},"content":{"rendered":"","protected":false},"excerpt":{"rendered":"<p>Die Ablageschale der Ibiza-Kollektion, inspiriert von der intensiven Farbe der Sonne und der Romantik des Sonnenuntergangs, ist aus hochwertigem italienischem Porzellan gefertigt, mit handveredelten R\u00e4ndern in Gold. Sie k\u00f6nnen sie als Schmuckablage oder als kleines Serviertellerchen f\u00fcr den Tisch, beispielsweise f\u00fcr ein Dessert, verwenden. <\/p>\n<ul>\n<li> 100 % italienisches Porzellan<\/li>\n<li>Handveredelt in Gold.<\/li>\n<li>Ma\u00dfe: 17,5 x 17,5 cm<\/li>\n<li>Sp\u00fclmaschinenfest<\/li>\n<li>Handgefertigt in Italien<\/li>\n<\/ul>\n<p>[vc_row el_class=&#8221;contattiprodotto&#8221; woodmart_css_id=&#8221;68d5099358210&#8243; responsive_spacing=&#8221;eyJwYXJhbV90eXBlIjoid29vZG1hcnRfcmVzcG9uc2l2ZV9zcGFjaW5nIiwic2VsZWN0b3JfaWQiOiI2OGQ1MDk5MzU4MjEwIiwic2hvcnRjb2RlIjoidmNfcm93IiwiZGF0YSI6eyJ0YWJsZXQiOnt9LCJtb2JpbGUiOnt9fX0=&#8221; mobile_bg_img_hidden=&#8221;no&#8221; tablet_bg_img_hidden=&#8221;no&#8221; woodmart_parallax=&#8221;0&#8243; woodmart_gradient_switch=&#8221;no&#8221; woodmart_box_shadow=&#8221;no&#8221; wd_z_index=&#8221;no&#8221; woodmart_disable_overflow=&#8221;0&#8243; row_reverse_mobile=&#8221;0&#8243; row_reverse_tablet=&#8221;0&#8243;][vc_column woodmart_css_id=&#8221;68d50b28283c4&#8243; parallax_scroll=&#8221;no&#8221; woodmart_sticky_column=&#8221;false&#8221; wd_collapsible_content_switcher=&#8221;no&#8221; wd_column_role_offcanvas_desktop=&#8221;no&#8221; wd_column_role_offcanvas_tablet=&#8221;no&#8221; wd_column_role_offcanvas_mobile=&#8221;no&#8221; wd_column_role_content_desktop=&#8221;no&#8221; wd_column_role_content_tablet=&#8221;no&#8221; wd_column_role_content_mobile=&#8221;no&#8221; mobile_bg_img_hidden=&#8221;no&#8221; tablet_bg_img_hidden=&#8221;no&#8221; woodmart_parallax=&#8221;0&#8243; woodmart_box_shadow=&#8221;no&#8221; responsive_spacing=&#8221;eyJwYXJhbV90eXBlIjoid29vZG1hcnRfcmVzcG9uc2l2ZV9zcGFjaW5nIiwic2VsZWN0b3JfaWQiOiI2OGQ1MGIyODI4M2M0Iiwic2hvcnRjb2RlIjoidmNfY29sdW1uIiwiZGF0YSI6eyJ0YWJsZXQiOnt9LCJtb2JpbGUiOnt9fX0=&#8221; mobile_reset_margin=&#8221;no&#8221; tablet_reset_margin=&#8221;no&#8221; wd_z_index=&#8221;no&#8221;][vc_column_text css=&#8221;&#8221; woodmart_inline=&#8221;no&#8221; text_larger=&#8221;no&#8221;]Das Produkt ist nicht f\u00fcr den Online-Verkauf verf\u00fcgbar.<br \/>\nF\u00fcr weitere Details und Informationen <strong><a href=\"https:\/\/www.alessandrolucianicasa.it\/de\/kundenservice\/\"><u>klicken Sie hier<\/u><\/a><\/strong>.[\/vc_column_text][\/vc_column][\/vc_row]<\/p>\n","protected":false},"featured_media":2510,"comment_status":"closed","ping_status":"closed","template":"","meta":[],"product_brand":[],"product_cat":[129,95,97,91],"product_tag":[],"class_list":{"0":"post-2559","1":"product","2":"type-product","3":"status-publish","4":"has-post-thumbnail","6":"product_cat-geschirr","7":"product_cat-kollektionen","8":"product_cat-ibiza","9":"product_cat-home-decore","11":"first","12":"instock","13":"taxable","14":"shipping-taxable","15":"product-type-simple"},"_links":{"self":[{"href":"https:\/\/www.alessandrolucianicasa.it\/de\/wp-json\/wp\/v2\/product\/2559","targetHints":{"allow":["GET"]}}],"collection":[{"href":"https:\/\/www.alessandrolucianicasa.it\/de\/wp-json\/wp\/v2\/product"}],"about":[{"href":"https:\/\/www.alessandrolucianicasa.it\/de\/wp-json\/wp\/v2\/types\/product"}],"replies":[{"embeddable":true,"href":"https:\/\/www.alessandrolucianicasa.it\/de\/wp-json\/wp\/v2\/comments?post=2559"}],"wp:featuredmedia":[{"embeddable":true,"href":"https:\/\/www.alessandrolucianicasa.it\/de\/wp-json\/wp\/v2\/media\/2510"}],"wp:attachment":[{"href":"https:\/\/www.alessandrolucianicasa.it\/de\/wp-json\/wp\/v2\/media?parent=2559"}],"wp:term":[{"taxonomy":"product_brand","embeddable":true,"href":"https:\/\/www.alessandrolucianicasa.it\/de\/wp-json\/wp\/v2\/product_brand?post=2559"},{"taxonomy":"product_cat","embeddable":true,"href":"https:\/\/www.alessandrolucianicasa.it\/de\/wp-json\/wp\/v2\/product_cat?post=2559"},{"taxonomy":"product_tag","embeddable":true,"href":"https:\/\/www.alessandrolucianicasa.it\/de\/wp-json\/wp\/v2\/product_tag?post=2559"}],"curies":[{"name":"wp","href":"https:\/\/api.w.org\/{rel}","templated":true}]}}