{"id":2794,"date":"2025-09-19T15:42:15","date_gmt":"2025-09-19T15:42:15","guid":{"rendered":"https:\/\/www.alessandrolucianicasa.it\/prodotto\/samthocker-circle\/"},"modified":"2025-10-20T09:13:11","modified_gmt":"2025-10-20T09:13:11","slug":"samthocker-circle","status":"publish","type":"product","link":"https:\/\/www.alessandrolucianicasa.it\/de\/prodotto\/samthocker-circle\/","title":{"rendered":"Samthocker Circle"},"content":{"rendered":"","protected":false},"excerpt":{"rendered":"<p>Gro\u00dfer und weicher Pouf aus Polyestervelours.<br \/>\nBedruckt mit den exklusiven Banddesigns, mit einer ausgepr\u00e4gten glamour\u00f6sen Pers\u00f6nlichkeit.<\/p>\n<ul>\n<li>Schwerer Stoff, Gewicht: 430 g\/m\u00b2<\/li>\n<li>Fleckenschutz, wasserabweisend, 400.000 Martindale.<\/li>\n<li>Polsterung: Synthetisch<\/li>\n<li>Umrandung: Paspelierung.<\/li>\n<li>NICHT abziehbar<\/li>\n<li>Struktur aus gepolstertem Holz mit Metallsockel in Goldoptik.<\/li>\n<li>Ma\u00dfe: Durchmesser 55 cm, H\u00f6he 45 cm<\/li>\n<li>Handgefertigt in Italien<\/li>\n<\/ul>\n","protected":false},"featured_media":2716,"comment_status":"closed","ping_status":"closed","template":"","meta":[],"product_brand":[],"product_cat":[95,132,119,149],"product_tag":[],"class_list":{"0":"post-2794","1":"product","2":"type-product","3":"status-publish","4":"has-post-thumbnail","6":"product_cat-kollektionen","7":"product_cat-kreis","8":"product_cat-mobel","9":"product_cat-sessel-und-poufs","10":"pa_colori-gruner-kreis","11":"pa_colori-roter-kreis","13":"first","14":"instock","15":"taxable","16":"shipping-taxable","17":"purchasable","18":"product-type-variable"},"_links":{"self":[{"href":"https:\/\/www.alessandrolucianicasa.it\/de\/wp-json\/wp\/v2\/product\/2794","targetHints":{"allow":["GET"]}}],"collection":[{"href":"https:\/\/www.alessandrolucianicasa.it\/de\/wp-json\/wp\/v2\/product"}],"about":[{"href":"https:\/\/www.alessandrolucianicasa.it\/de\/wp-json\/wp\/v2\/types\/product"}],"replies":[{"embeddable":true,"href":"https:\/\/www.alessandrolucianicasa.it\/de\/wp-json\/wp\/v2\/comments?post=2794"}],"wp:featuredmedia":[{"embeddable":true,"href":"https:\/\/www.alessandrolucianicasa.it\/de\/wp-json\/wp\/v2\/media\/2716"}],"wp:attachment":[{"href":"https:\/\/www.alessandrolucianicasa.it\/de\/wp-json\/wp\/v2\/media?parent=2794"}],"wp:term":[{"taxonomy":"product_brand","embeddable":true,"href":"https:\/\/www.alessandrolucianicasa.it\/de\/wp-json\/wp\/v2\/product_brand?post=2794"},{"taxonomy":"product_cat","embeddable":true,"href":"https:\/\/www.alessandrolucianicasa.it\/de\/wp-json\/wp\/v2\/product_cat?post=2794"},{"taxonomy":"product_tag","embeddable":true,"href":"https:\/\/www.alessandrolucianicasa.it\/de\/wp-json\/wp\/v2\/product_tag?post=2794"}],"curies":[{"name":"wp","href":"https:\/\/api.w.org\/{rel}","templated":true}]}}