{"id":2806,"date":"2025-09-19T15:44:22","date_gmt":"2025-09-19T15:44:22","guid":{"rendered":"https:\/\/www.alessandrolucianicasa.it\/prodotto\/aladdin-samt-pouf\/"},"modified":"2025-10-20T09:12:36","modified_gmt":"2025-10-20T09:12:36","slug":"aladdin-samt-pouf","status":"publish","type":"product","link":"https:\/\/www.alessandrolucianicasa.it\/de\/prodotto\/aladdin-samt-pouf\/","title":{"rendered":"Aladdin Samt-Pouf"},"content":{"rendered":"","protected":false},"excerpt":{"rendered":"<p>Gro\u00dfer und weicher Pouf aus Polyestervelours.<br \/>\nBedruckt mit den exklusiven Banddesigns, mit einer ausgepr\u00e4gten glamour\u00f6sen Pers\u00f6nlichkeit.<\/p>\n<ul>\n<li>Schwerer Stoff, Gewicht: 430 g\/m\u00b2<\/li>\n<li>Fleckenschutz, wasserabweisend, 400.000 Martindale.<\/li>\n<li>Polsterung: Synthetisch<\/li>\n<li>Umrandung: Paspelierung.<\/li>\n<li>NICHT abziehbar<\/li>\n<li>Struktur aus gepolstertem Holz mit Metallsockel in Goldoptik.<\/li>\n<li>Ma\u00dfe: Durchmesser 55 cm, H\u00f6he 45 cm<\/li>\n<li>Handgefertigt in Italien<\/li>\n<\/ul>\n","protected":false},"featured_media":2720,"comment_status":"closed","ping_status":"closed","template":"","meta":[],"product_brand":[],"product_cat":[95,121,119,149],"product_tag":[],"class_list":{"0":"post-2806","1":"product","2":"type-product","3":"status-publish","4":"has-post-thumbnail","6":"product_cat-kollektionen","7":"product_cat-aladdin","8":"product_cat-mobel","9":"product_cat-sessel-und-poufs","10":"pa_colori-blau-und-weis","11":"pa_colori-flaschengrun","12":"pa_colori-fuchsia-und-rot","13":"pa_colori-zitronengelb","14":"pa_colori-zuckerpapierfarbig","16":"first","17":"instock","18":"taxable","19":"shipping-taxable","20":"purchasable","21":"product-type-variable"},"_links":{"self":[{"href":"https:\/\/www.alessandrolucianicasa.it\/de\/wp-json\/wp\/v2\/product\/2806","targetHints":{"allow":["GET"]}}],"collection":[{"href":"https:\/\/www.alessandrolucianicasa.it\/de\/wp-json\/wp\/v2\/product"}],"about":[{"href":"https:\/\/www.alessandrolucianicasa.it\/de\/wp-json\/wp\/v2\/types\/product"}],"replies":[{"embeddable":true,"href":"https:\/\/www.alessandrolucianicasa.it\/de\/wp-json\/wp\/v2\/comments?post=2806"}],"wp:featuredmedia":[{"embeddable":true,"href":"https:\/\/www.alessandrolucianicasa.it\/de\/wp-json\/wp\/v2\/media\/2720"}],"wp:attachment":[{"href":"https:\/\/www.alessandrolucianicasa.it\/de\/wp-json\/wp\/v2\/media?parent=2806"}],"wp:term":[{"taxonomy":"product_brand","embeddable":true,"href":"https:\/\/www.alessandrolucianicasa.it\/de\/wp-json\/wp\/v2\/product_brand?post=2806"},{"taxonomy":"product_cat","embeddable":true,"href":"https:\/\/www.alessandrolucianicasa.it\/de\/wp-json\/wp\/v2\/product_cat?post=2806"},{"taxonomy":"product_tag","embeddable":true,"href":"https:\/\/www.alessandrolucianicasa.it\/de\/wp-json\/wp\/v2\/product_tag?post=2806"}],"curies":[{"name":"wp","href":"https:\/\/api.w.org\/{rel}","templated":true}]}}