{"id":3090,"date":"2025-09-16T15:06:57","date_gmt":"2025-09-16T15:06:57","guid":{"rendered":"https:\/\/www.alessandrolucianicasa.it\/prodotto\/platzteller-aus-acrylglas-ibiza-5\/"},"modified":"2026-01-18T22:02:35","modified_gmt":"2026-01-18T22:02:35","slug":"platzteller-aus-acrylglas-ibiza-5","status":"publish","type":"product","link":"https:\/\/www.alessandrolucianicasa.it\/de\/prodotto\/platzteller-aus-acrylglas-ibiza-5\/","title":{"rendered":"Platzteller Ibiza"},"content":{"rendered":"","protected":false},"excerpt":{"rendered":"<p>Platzteller aus der <strong>Kollektion<\/strong> <strong>Ibiza<\/strong>, \u00e4u\u00dferst transparent und gl\u00e4nzend, sehr widerstandsf\u00e4hig, hergestellt aus <strong>Acrylglas<\/strong>, wasserdicht und leicht zu reinigen, vergilbt nicht bei UV-Strahlung.<br \/>\nIn 6 Farbvarianten erh\u00e4ltlich.<\/p>\n<ul>\n<li>Ma\u00dfe: Durchmesser 35 cm<\/li>\n<li>St\u00e4rke 5 mm<\/li>\n<li>Wasserdicht, ideal f\u00fcr den Au\u00dfenbereich<\/li>\n<li>Material (PMMA) Methacrylat<\/li>\n<li>Bruchsicher<\/li>\n<\/ul>\n<p>&nbsp;<\/p>\n<p>[vc_row][vc_column width=&#8221;1\/6&#8243; css=&#8221;.vc_custom_1760903744610{margin-bottom: -20px !important;}&#8221; woodmart_css_id=&#8221;68f542357a198&#8243; parallax_scroll=&#8221;no&#8221; woodmart_sticky_column=&#8221;false&#8221; wd_collapsible_content_switcher=&#8221;no&#8221; wd_column_role_offcanvas_desktop=&#8221;no&#8221; wd_column_role_offcanvas_tablet=&#8221;no&#8221; wd_column_role_offcanvas_mobile=&#8221;no&#8221; wd_column_role_content_desktop=&#8221;no&#8221; wd_column_role_content_tablet=&#8221;no&#8221; wd_column_role_content_mobile=&#8221;no&#8221; mobile_bg_img_hidden=&#8221;no&#8221; tablet_bg_img_hidden=&#8221;no&#8221; woodmart_parallax=&#8221;0&#8243; woodmart_box_shadow=&#8221;no&#8221; responsive_spacing=&#8221;eyJwYXJhbV90eXBlIjoid29vZG1hcnRfcmVzcG9uc2l2ZV9zcGFjaW5nIiwic2VsZWN0b3JfaWQiOiI2OGY1NDIzNTdhMTk4Iiwic2hvcnRjb2RlIjoidmNfY29sdW1uIiwiZGF0YSI6eyJ0YWJsZXQiOnt9LCJtb2JpbGUiOnt9fX0=&#8221; mobile_reset_margin=&#8221;no&#8221; tablet_reset_margin=&#8221;no&#8221; wd_z_index=&#8221;no&#8221;][vc_icon icon_fontawesome=&#8221;fa fa-solid fa-truck&#8221; color=&#8221;black&#8221; size=&#8221;sm&#8221; css=&#8221;&#8221;][\/vc_column][vc_column width=&#8221;2\/3&#8243; woodmart_text_align=&#8221;left&#8221; woodmart_css_id=&#8221;68f541ce640e6&#8243; parallax_scroll=&#8221;no&#8221; woodmart_sticky_column=&#8221;false&#8221; wd_collapsible_content_switcher=&#8221;no&#8221; wd_column_role_offcanvas_desktop=&#8221;no&#8221; wd_column_role_offcanvas_tablet=&#8221;no&#8221; wd_column_role_offcanvas_mobile=&#8221;no&#8221; wd_column_role_content_desktop=&#8221;no&#8221; wd_column_role_content_tablet=&#8221;no&#8221; wd_column_role_content_mobile=&#8221;no&#8221; mobile_bg_img_hidden=&#8221;no&#8221; tablet_bg_img_hidden=&#8221;no&#8221; woodmart_parallax=&#8221;0&#8243; woodmart_box_shadow=&#8221;no&#8221; responsive_spacing=&#8221;eyJwYXJhbV90eXBlIjoid29vZG1hcnRfcmVzcG9uc2l2ZV9zcGFjaW5nIiwic2VsZWN0b3JfaWQiOiI2OGY1NDFjZTY0MGU2Iiwic2hvcnRjb2RlIjoidmNfY29sdW1uIiwiZGF0YSI6eyJ0YWJsZXQiOnt9LCJtb2JpbGUiOnt9fX0=&#8221; mobile_reset_margin=&#8221;no&#8221; tablet_reset_margin=&#8221;no&#8221; wd_z_index=&#8221;no&#8221; css=&#8221;.vc_custom_1760903636752{margin-top: 10px !important;}&#8221;][vc_column_text css=&#8221;&#8221; woodmart_inline=&#8221;no&#8221; text_larger=&#8221;no&#8221;]Lieferzeit 2 Wochen[\/vc_column_text][\/vc_column][vc_column width=&#8221;1\/6&#8243;][\/vc_column][\/vc_row]<\/p>\n","protected":false},"featured_media":3091,"comment_status":"closed","ping_status":"closed","template":"","meta":[],"product_brand":[],"product_cat":[129,323,95,97],"product_tag":[304],"class_list":{"0":"post-3090","1":"product","2":"type-product","3":"status-publish","4":"has-post-thumbnail","6":"product_cat-geschirr","7":"product_cat-tabletts-und-leertaschen","8":"product_cat-kollektionen","9":"product_cat-ibiza","10":"product_tag-platzteller-ibiza-plexi-turkis","12":"first","13":"instock","14":"taxable","15":"shipping-taxable","16":"purchasable","17":"product-type-simple"},"_links":{"self":[{"href":"https:\/\/www.alessandrolucianicasa.it\/de\/wp-json\/wp\/v2\/product\/3090","targetHints":{"allow":["GET"]}}],"collection":[{"href":"https:\/\/www.alessandrolucianicasa.it\/de\/wp-json\/wp\/v2\/product"}],"about":[{"href":"https:\/\/www.alessandrolucianicasa.it\/de\/wp-json\/wp\/v2\/types\/product"}],"replies":[{"embeddable":true,"href":"https:\/\/www.alessandrolucianicasa.it\/de\/wp-json\/wp\/v2\/comments?post=3090"}],"wp:featuredmedia":[{"embeddable":true,"href":"https:\/\/www.alessandrolucianicasa.it\/de\/wp-json\/wp\/v2\/media\/3091"}],"wp:attachment":[{"href":"https:\/\/www.alessandrolucianicasa.it\/de\/wp-json\/wp\/v2\/media?parent=3090"}],"wp:term":[{"taxonomy":"product_brand","embeddable":true,"href":"https:\/\/www.alessandrolucianicasa.it\/de\/wp-json\/wp\/v2\/product_brand?post=3090"},{"taxonomy":"product_cat","embeddable":true,"href":"https:\/\/www.alessandrolucianicasa.it\/de\/wp-json\/wp\/v2\/product_cat?post=3090"},{"taxonomy":"product_tag","embeddable":true,"href":"https:\/\/www.alessandrolucianicasa.it\/de\/wp-json\/wp\/v2\/product_tag?post=3090"}],"curies":[{"name":"wp","href":"https:\/\/api.w.org\/{rel}","templated":true}]}}