{"id":5086,"date":"2026-03-01T20:52:22","date_gmt":"2026-03-01T20:52:22","guid":{"rendered":"https:\/\/www.alessandrolucianicasa.it\/prodotto\/ablageschale-aus-blauem-acrylglas\/"},"modified":"2026-03-01T20:52:22","modified_gmt":"2026-03-01T20:52:22","slug":"ablageschale-aus-blauem-acrylglas","status":"publish","type":"product","link":"https:\/\/www.alessandrolucianicasa.it\/de\/prodotto\/ablageschale-aus-blauem-acrylglas\/","title":{"rendered":"Ablageschale aus blauem Acrylglas"},"content":{"rendered":"","protected":false},"excerpt":{"rendered":"<p>Die quadratische Ablageschale von Alessandro Luciani ist Teil der <strong>Kollektion<\/strong> <strong>Ibiza<\/strong>. Sie ist extrem transparent, brillant und sehr widerstandsf\u00e4hig. Gefertigt aus <strong>Acrylglas<\/strong>, ist sie ideal, um jedem Innen- und Au\u00dfenbereich eine besondere Note zu verleihen. Sie ist wasserfest, leicht zu reinigen und vergilbt nicht bei UV-Einstrahlung.<br \/>\nErh\u00e4ltlich in 3 Farbvarianten und 3 verschiedenen Formaten.<\/p>\n<ul>\n<li>Ma\u00dfe: 13,5 x 13,5 x 5 cm (L\u00e4nge x Breite x H\u00f6he)<\/li>\n<li>St\u00e4rke 5 mm<\/li>\n<li>Impermeabile, ottimo per l\u2019utilizzo esterno<\/li>\n<li>Materiale (PMMA) Plexiglass Trasparente<\/li>\n<li>Pulire con panno in microfibra inumidito<\/li>\n<li>Non utilizzare nel microonde<\/li>\n<li>Non adatto al contatto con gli alimenti<\/li>\n<li>Handmade in Italy<\/li>\n<li>Gewicht: 190 gr.<\/li>\n<\/ul>\n<p>[vc_row][vc_column width=&#8221;1\/6&#8243; css=&#8221;.vc_custom_1760903744610{margin-bottom: -20px !important;}&#8221; woodmart_css_id=&#8221;68f542357a198&#8243; parallax_scroll=&#8221;no&#8221; woodmart_sticky_column=&#8221;false&#8221; wd_collapsible_content_switcher=&#8221;no&#8221; wd_column_role_offcanvas_desktop=&#8221;no&#8221; wd_column_role_offcanvas_tablet=&#8221;no&#8221; wd_column_role_offcanvas_mobile=&#8221;no&#8221; wd_column_role_content_desktop=&#8221;no&#8221; wd_column_role_content_tablet=&#8221;no&#8221; wd_column_role_content_mobile=&#8221;no&#8221; mobile_bg_img_hidden=&#8221;no&#8221; tablet_bg_img_hidden=&#8221;no&#8221; woodmart_parallax=&#8221;0&#8243; woodmart_box_shadow=&#8221;no&#8221; responsive_spacing=&#8221;eyJwYXJhbV90eXBlIjoid29vZG1hcnRfcmVzcG9uc2l2ZV9zcGFjaW5nIiwic2VsZWN0b3JfaWQiOiI2OGY1NDIzNTdhMTk4Iiwic2hvcnRjb2RlIjoidmNfY29sdW1uIiwiZGF0YSI6eyJ0YWJsZXQiOnt9LCJtb2JpbGUiOnt9fX0=&#8221; mobile_reset_margin=&#8221;no&#8221; tablet_reset_margin=&#8221;no&#8221; wd_z_index=&#8221;no&#8221;][vc_icon icon_fontawesome=&#8221;fa fa-solid fa-truck&#8221; color=&#8221;black&#8221; size=&#8221;sm&#8221; css=&#8221;&#8221;][\/vc_column][vc_column width=&#8221;2\/3&#8243; woodmart_text_align=&#8221;left&#8221; woodmart_css_id=&#8221;68f541ce640e6&#8243; parallax_scroll=&#8221;no&#8221; woodmart_sticky_column=&#8221;false&#8221; wd_collapsible_content_switcher=&#8221;no&#8221; wd_column_role_offcanvas_desktop=&#8221;no&#8221; wd_column_role_offcanvas_tablet=&#8221;no&#8221; wd_column_role_offcanvas_mobile=&#8221;no&#8221; wd_column_role_content_desktop=&#8221;no&#8221; wd_column_role_content_tablet=&#8221;no&#8221; wd_column_role_content_mobile=&#8221;no&#8221; mobile_bg_img_hidden=&#8221;no&#8221; tablet_bg_img_hidden=&#8221;no&#8221; woodmart_parallax=&#8221;0&#8243; woodmart_box_shadow=&#8221;no&#8221; responsive_spacing=&#8221;eyJwYXJhbV90eXBlIjoid29vZG1hcnRfcmVzcG9uc2l2ZV9zcGFjaW5nIiwic2VsZWN0b3JfaWQiOiI2OGY1NDFjZTY0MGU2Iiwic2hvcnRjb2RlIjoidmNfY29sdW1uIiwiZGF0YSI6eyJ0YWJsZXQiOnt9LCJtb2JpbGUiOnt9fX0=&#8221; mobile_reset_margin=&#8221;no&#8221; tablet_reset_margin=&#8221;no&#8221; wd_z_index=&#8221;no&#8221; css=&#8221;.vc_custom_1760903636752{margin-top: 10px !important;}&#8221;][vc_column_text css=&#8221;&#8221; woodmart_inline=&#8221;no&#8221; text_larger=&#8221;no&#8221;]Lieferung 2\/3 Wochen[\/vc_column_text][\/vc_column][vc_column width=&#8221;1\/6&#8243;][\/vc_column][\/vc_row]<\/p>\n","protected":false},"featured_media":5026,"comment_status":"closed","ping_status":"closed","template":"","meta":[],"product_brand":[],"product_cat":[363,95,97,91],"product_tag":[364],"class_list":{"0":"post-5086","1":"product","2":"type-product","3":"status-publish","4":"has-post-thumbnail","6":"product_cat-tabletts-und-leertaschen-2","7":"product_cat-kollektionen","8":"product_cat-ibiza","9":"product_cat-home-decore","10":"product_tag-taschenleerer","12":"first","13":"instock","14":"taxable","15":"shipping-taxable","16":"purchasable","17":"product-type-simple"},"_links":{"self":[{"href":"https:\/\/www.alessandrolucianicasa.it\/de\/wp-json\/wp\/v2\/product\/5086","targetHints":{"allow":["GET"]}}],"collection":[{"href":"https:\/\/www.alessandrolucianicasa.it\/de\/wp-json\/wp\/v2\/product"}],"about":[{"href":"https:\/\/www.alessandrolucianicasa.it\/de\/wp-json\/wp\/v2\/types\/product"}],"replies":[{"embeddable":true,"href":"https:\/\/www.alessandrolucianicasa.it\/de\/wp-json\/wp\/v2\/comments?post=5086"}],"wp:featuredmedia":[{"embeddable":true,"href":"https:\/\/www.alessandrolucianicasa.it\/de\/wp-json\/wp\/v2\/media\/5026"}],"wp:attachment":[{"href":"https:\/\/www.alessandrolucianicasa.it\/de\/wp-json\/wp\/v2\/media?parent=5086"}],"wp:term":[{"taxonomy":"product_brand","embeddable":true,"href":"https:\/\/www.alessandrolucianicasa.it\/de\/wp-json\/wp\/v2\/product_brand?post=5086"},{"taxonomy":"product_cat","embeddable":true,"href":"https:\/\/www.alessandrolucianicasa.it\/de\/wp-json\/wp\/v2\/product_cat?post=5086"},{"taxonomy":"product_tag","embeddable":true,"href":"https:\/\/www.alessandrolucianicasa.it\/de\/wp-json\/wp\/v2\/product_tag?post=5086"}],"curies":[{"name":"wp","href":"https:\/\/api.w.org\/{rel}","templated":true}]}}