{"id":2315,"date":"2025-09-10T14:04:37","date_gmt":"2025-09-10T14:04:37","guid":{"rendered":"https:\/\/www.alessandrolucianicasa.it\/a-propos-de-nous\/"},"modified":"2025-10-17T21:29:09","modified_gmt":"2025-10-17T21:29:09","slug":"a-propos-de-nous","status":"publish","type":"page","link":"https:\/\/www.alessandrolucianicasa.it\/fr\/a-propos-de-nous\/","title":{"rendered":"\u00c0 propos de nous"},"content":{"rendered":"<div class=\"wpb-content-wrapper\"><p>[vc_row woodmart_stretch_content=&#8221;section-stretch-content-no-pd&#8221; woodmart_bg_position=&#8221;center-center&#8221; css=&#8221;.vc_custom_1758290386392{margin-top: 0px !important;margin-right: -20px !important;margin-left: -20px !important;padding-top: 200px !important;padding-bottom: 200px !important;background-image: url(https:\/\/www.alessandrolucianicasa.it\/wp-content\/uploads\/2025\/09\/Presentazione_Digitale_ALC_-_6_Foto_22.jpg-scaled.webp?id=229) !important;background-position: center !important;background-repeat: no-repeat !important;background-size: cover !important;}&#8221; woodmart_css_id=&#8221;68cd61ae9f59d&#8221; responsive_spacing=&#8221;eyJwYXJhbV90eXBlIjoid29vZG1hcnRfcmVzcG9uc2l2ZV9zcGFjaW5nIiwic2VsZWN0b3JfaWQiOiI2OGNkNjFhZTlmNTlkIiwic2hvcnRjb2RlIjoidmNfcm93IiwiZGF0YSI6eyJ0YWJsZXQiOnt9LCJtb2JpbGUiOnt9fX0=&#8221; mobile_bg_img_hidden=&#8221;no&#8221; tablet_bg_img_hidden=&#8221;no&#8221; woodmart_parallax=&#8221;0&#8243; woodmart_gradient_switch=&#8221;no&#8221; woodmart_box_shadow=&#8221;no&#8221; wd_z_index=&#8221;no&#8221; woodmart_disable_overflow=&#8221;0&#8243; row_reverse_mobile=&#8221;0&#8243; row_reverse_tablet=&#8221;0&#8243;][vc_column woodmart_bg_position=&#8221;center-bottom&#8221; woodmart_css_id=&#8221;68cc9df731a70&#8243; parallax_scroll=&#8221;no&#8221; woodmart_sticky_column=&#8221;false&#8221; wd_collapsible_content_switcher=&#8221;no&#8221; wd_column_role_offcanvas_desktop=&#8221;no&#8221; wd_column_role_offcanvas_tablet=&#8221;no&#8221; wd_column_role_offcanvas_mobile=&#8221;no&#8221; wd_column_role_content_desktop=&#8221;no&#8221; wd_column_role_content_tablet=&#8221;no&#8221; wd_column_role_content_mobile=&#8221;no&#8221; mobile_bg_img_hidden=&#8221;no&#8221; tablet_bg_img_hidden=&#8221;no&#8221; woodmart_parallax=&#8221;0&#8243; woodmart_box_shadow=&#8221;no&#8221; responsive_spacing=&#8221;eyJwYXJhbV90eXBlIjoid29vZG1hcnRfcmVzcG9uc2l2ZV9zcGFjaW5nIiwic2VsZWN0b3JfaWQiOiI2OGNjOWRmNzMxYTcwIiwic2hvcnRjb2RlIjoidmNfY29sdW1uIiwiZGF0YSI6eyJ0YWJsZXQiOnt9LCJtb2JpbGUiOnt9fX0=&#8221; mobile_reset_margin=&#8221;no&#8221; tablet_reset_margin=&#8221;no&#8221; wd_z_index=&#8221;no&#8221;][\/vc_column][\/vc_row][vc_row css=&#8221;.vc_custom_1757670043105{margin-top: 50px !important;margin-bottom: 50px !important;}&#8221; woodmart_css_id=&#8221;68c3ea95aa94d&#8221; responsive_spacing=&#8221;eyJwYXJhbV90eXBlIjoid29vZG1hcnRfcmVzcG9uc2l2ZV9zcGFjaW5nIiwic2VsZWN0b3JfaWQiOiI2OGMzZWE5NWFhOTRkIiwic2hvcnRjb2RlIjoidmNfcm93IiwiZGF0YSI6eyJ0YWJsZXQiOnt9LCJtb2JpbGUiOnt9fX0=&#8221; mobile_bg_img_hidden=&#8221;no&#8221; tablet_bg_img_hidden=&#8221;no&#8221; woodmart_parallax=&#8221;0&#8243; woodmart_gradient_switch=&#8221;no&#8221; woodmart_box_shadow=&#8221;no&#8221; wd_z_index=&#8221;no&#8221; woodmart_disable_overflow=&#8221;0&#8243; row_reverse_mobile=&#8221;0&#8243; row_reverse_tablet=&#8221;0&#8243;][vc_column width=&#8221;1\/4&#8243;][\/vc_column][vc_column width=&#8221;7\/12&#8243; woodmart_text_align=&#8221;left&#8221; woodmart_css_id=&#8221;68c9bb1434fe3&#8243; parallax_scroll=&#8221;no&#8221; woodmart_sticky_column=&#8221;false&#8221; wd_collapsible_content_switcher=&#8221;no&#8221; wd_column_role_offcanvas_desktop=&#8221;no&#8221; wd_column_role_offcanvas_tablet=&#8221;no&#8221; wd_column_role_offcanvas_mobile=&#8221;no&#8221; wd_column_role_content_desktop=&#8221;no&#8221; wd_column_role_content_tablet=&#8221;no&#8221; wd_column_role_content_mobile=&#8221;no&#8221; mobile_bg_img_hidden=&#8221;no&#8221; tablet_bg_img_hidden=&#8221;no&#8221; woodmart_parallax=&#8221;0&#8243; woodmart_box_shadow=&#8221;no&#8221; responsive_spacing=&#8221;eyJwYXJhbV90eXBlIjoid29vZG1hcnRfcmVzcG9uc2l2ZV9zcGFjaW5nIiwic2VsZWN0b3JfaWQiOiI2OGM5YmIxNDM0ZmUzIiwic2hvcnRjb2RlIjoidmNfY29sdW1uIiwiZGF0YSI6eyJ0YWJsZXQiOnt9LCJtb2JpbGUiOnt9fX0=&#8221; mobile_reset_margin=&#8221;no&#8221; tablet_reset_margin=&#8221;no&#8221; wd_z_index=&#8221;no&#8221;][vc_column_text css=&#8221;&#8221; woodmart_inline=&#8221;no&#8221; text_larger=&#8221;no&#8221;]<\/p>\n<h1 style=\"text-align: left;\">ALESSANDRO LUCIANI CASA<\/h1>\n<p>[\/vc_column_text][vc_column_text css=&#8221;&#8221; woodmart_inline=&#8221;no&#8221; text_larger=&#8221;no&#8221;]O\u00f9 le terme Casa se veut \u00eatre un \u00e9l\u00e9ment distinctif de reconnaissance internationale du style italien.<br \/>\nUne collection qui allie design et mode, pour transmettre des \u00e9motions et une \u00e9nergie tr\u00e8s forte, compos\u00e9e d&#8217;\u00e9l\u00e9ments exclusifs, sur mesure, soign\u00e9s dans les moindres d\u00e9tails avec une attention profonde au confort et \u00e0 la fonctionnalit\u00e9 et r\u00e9alis\u00e9s avec des mat\u00e9riaux de tr\u00e8s haute qualit\u00e9, sous le signe de l&#8217;excellence artisanale Made in Italy.<br \/>\nUne collection \u00e0 l&#8217;accent glamour, expression de la cr\u00e9ativit\u00e9, de la vision et du style sans compromis d&#8217;Alessandro Luciani d\u00e9di\u00e9e \u00e0 tous les amoureux de la couleur et de la vie, pour rendre leurs environnements extraordinairement uniques et \u00e9l\u00e9gants.<br \/>\nUne esth\u00e9tique originale et anticonformiste, \u00e9tudi\u00e9e pour ceux qui aiment vivre dans des espaces stimulants, compos\u00e9e d&#8217;objets d&#8217;ameublement originaux et de dessins en de nombreuses variantes de couleurs, qui peuvent \u00eatre combin\u00e9s entre eux pour cr\u00e9er \u00e0 chaque fois une nouvelle exp\u00e9rience. Des environnements exclusifs, personnalis\u00e9s et continuellement personnalisables, un devenir d&#8217;atmosph\u00e8res sophistiqu\u00e9es et \u00e0 la fois ludiques.[\/vc_column_text][\/vc_column][\/vc_row][vc_row woodmart_stretch_content=&#8221;section-stretch-content-no-pd&#8221; woodmart_css_id=&#8221;68d6f5abbb543&#8243; responsive_spacing=&#8221;eyJwYXJhbV90eXBlIjoid29vZG1hcnRfcmVzcG9uc2l2ZV9zcGFjaW5nIiwic2VsZWN0b3JfaWQiOiI2OGQ2ZjVhYmJiNTQzIiwic2hvcnRjb2RlIjoidmNfcm93IiwiZGF0YSI6eyJ0YWJsZXQiOnt9LCJtb2JpbGUiOnt9fX0=&#8221; mobile_bg_img_hidden=&#8221;no&#8221; tablet_bg_img_hidden=&#8221;no&#8221; woodmart_parallax=&#8221;0&#8243; woodmart_gradient_switch=&#8221;no&#8221; woodmart_box_shadow=&#8221;no&#8221; wd_z_index=&#8221;no&#8221; woodmart_disable_overflow=&#8221;0&#8243; row_reverse_mobile=&#8221;0&#8243; row_reverse_tablet=&#8221;0&#8243; css=&#8221;.vc_custom_1758918068186{margin-top: -50px !important;margin-right: -40px !important;margin-bottom: -50px !important;padding-bottom: 0px !important;}&#8221;][vc_column css=&#8221;.vc_custom_1758918102700{margin-top: 0px !important;}&#8221; woodmart_css_id=&#8221;68d6f5cf9f1c2&#8243; parallax_scroll=&#8221;no&#8221; woodmart_sticky_column=&#8221;false&#8221; wd_collapsible_content_switcher=&#8221;no&#8221; wd_column_role_offcanvas_desktop=&#8221;no&#8221; wd_column_role_offcanvas_tablet=&#8221;no&#8221; wd_column_role_offcanvas_mobile=&#8221;no&#8221; wd_column_role_content_desktop=&#8221;no&#8221; wd_column_role_content_tablet=&#8221;no&#8221; wd_column_role_content_mobile=&#8221;no&#8221; mobile_bg_img_hidden=&#8221;no&#8221; tablet_bg_img_hidden=&#8221;no&#8221; woodmart_parallax=&#8221;0&#8243; woodmart_box_shadow=&#8221;no&#8221; responsive_spacing=&#8221;eyJwYXJhbV90eXBlIjoid29vZG1hcnRfcmVzcG9uc2l2ZV9zcGFjaW5nIiwic2VsZWN0b3JfaWQiOiI2OGQ2ZjVjZjlmMWMyIiwic2hvcnRjb2RlIjoidmNfY29sdW1uIiwiZGF0YSI6eyJ0YWJsZXQiOnt9LCJtb2JpbGUiOnt9fX0=&#8221; mobile_reset_margin=&#8221;no&#8221; tablet_reset_margin=&#8221;no&#8221; wd_z_index=&#8221;no&#8221;][vc_single_image image=&#8221;2317&#8243; img_size=&#8221;large&#8221; alignment=&#8221;center&#8221; css=&#8221;&#8221; parallax_scroll=&#8221;no&#8221; woodmart_inline=&#8221;no&#8221;][\/vc_column][\/vc_row][vc_row woodmart_stretch_content=&#8221;section-stretch&#8221; css=&#8221;.vc_custom_1758918136208{margin-top: -40px !important;margin-bottom: -60px !important;padding-top: 30px !important;padding-bottom: 50px !important;background-color: #FFFFFF !important;}&#8221; woodmart_css_id=&#8221;68d6f5ee0fa77&#8243; responsive_spacing=&#8221;eyJwYXJhbV90eXBlIjoid29vZG1hcnRfcmVzcG9uc2l2ZV9zcGFjaW5nIiwic2VsZWN0b3JfaWQiOiI2OGQ2ZjVlZTBmYTc3Iiwic2hvcnRjb2RlIjoidmNfcm93IiwiZGF0YSI6eyJ0YWJsZXQiOnt9LCJtb2JpbGUiOnt9fX0=&#8221; mobile_bg_img_hidden=&#8221;no&#8221; tablet_bg_img_hidden=&#8221;no&#8221; woodmart_parallax=&#8221;0&#8243; woodmart_gradient_switch=&#8221;no&#8221; woodmart_box_shadow=&#8221;no&#8221; wd_z_index=&#8221;no&#8221; woodmart_disable_overflow=&#8221;0&#8243; row_reverse_mobile=&#8221;0&#8243; row_reverse_tablet=&#8221;0&#8243;][vc_column width=&#8221;1\/4&#8243;][\/vc_column][vc_column width=&#8221;1\/2&#8243; css=&#8221;.vc_custom_1758050728626{background-color: #00000000 !important;border-color: #00000000 !important;}&#8221; woodmart_css_id=&#8221;68c9b97a376ea&#8221; parallax_scroll=&#8221;no&#8221; woodmart_sticky_column=&#8221;false&#8221; wd_collapsible_content_switcher=&#8221;no&#8221; wd_column_role_offcanvas_desktop=&#8221;no&#8221; wd_column_role_offcanvas_tablet=&#8221;no&#8221; wd_column_role_offcanvas_mobile=&#8221;no&#8221; wd_column_role_content_desktop=&#8221;no&#8221; wd_column_role_content_tablet=&#8221;no&#8221; wd_column_role_content_mobile=&#8221;no&#8221; mobile_bg_img_hidden=&#8221;no&#8221; tablet_bg_img_hidden=&#8221;no&#8221; woodmart_parallax=&#8221;0&#8243; woodmart_box_shadow=&#8221;no&#8221; responsive_spacing=&#8221;eyJwYXJhbV90eXBlIjoid29vZG1hcnRfcmVzcG9uc2l2ZV9zcGFjaW5nIiwic2VsZWN0b3JfaWQiOiI2OGM5Yjk3YTM3NmVhIiwic2hvcnRjb2RlIjoidmNfY29sdW1uIiwiZGF0YSI6eyJ0YWJsZXQiOnt9LCJtb2JpbGUiOnt9fX0=&#8221; mobile_reset_margin=&#8221;no&#8221; tablet_reset_margin=&#8221;no&#8221; wd_z_index=&#8221;no&#8221;][vc_column_text css_animation=&#8221;fadeIn&#8221; css=&#8221;&#8221; woodmart_color_scheme=&#8221;dark&#8221; woodmart_inline=&#8221;no&#8221; text_larger=&#8221;no&#8221;]<\/p>\n<h4 style=\"text-align: left;\"><span style=\"color: #000000;\">Alessandro Luciani<\/span><\/h4>\n<p><span style=\"color: #000000;\">Alessandro Luciani, designer visionnaire, cr\u00e9atif, innovateur, polyvalent, expert du monde du Retail et de la Maison avec une forte passion pour la Mode et une approche holistique du projet.<\/span><br \/>\n<span style=\"color: #000000;\">De l&#8217;\u00e9tude de nouveaux concepts Retail pour de c\u00e9l\u00e8bres marques nationales et internationales, jusqu&#8217;au design d&#8217;int\u00e9rieur et \u00e0 la direction cr\u00e9ative. Alessandro Luciani d\u00e9veloppe de nouveaux environnements et cr\u00e9e de nouvelles exp\u00e9riences humaines et de vente, focalis\u00e9es sur le concept de multisensorialit\u00e9, contribuant au bien-\u00eatre individuel. <\/span><br \/>\n<span style=\"color: #000000;\">R\u00c9COMPENSES Plus de 25 prix nationaux et internationaux de Design remport\u00e9s ces derni\u00e8res ann\u00e9es parmi lesquels le prestigieux award \u00ab International Design Competition \u00bb \u00ab Best of the Best \u00bb Class 2020 organis\u00e9 par le Retail Design Institute USA pour le projet \u00ab Spazio Lenovo \u00bb r\u00e9alis\u00e9 \u00e0 Milan, dans le quadrilat\u00e8re tr\u00e8s central de la mode, \u00ab l&#8217;International Store Design Awards \u00bb pour le premier Experience Store Europ\u00e9en de Huawei, le \u00ab German Design Awards \u00bb en 2019 et le \u00ab Global POPAI Award \u00bb \u00e0 Las Vegas pour le projet Pirelli.<\/span><\/p>\n<p><span style=\"color: #000000;\">Parmi les auteurs du livre Retail Design e Marketing (FrancoAngeli \u00e9diteur) et parmi les enseignants du Poli.Design Milano, Business School Sole 24ore, Italian Design Institute. Nombreuses publications dans des magazines nationaux et internationaux parmi lesquels PLATFORM, DDN, INTERNI, IFDM, VSMD, RETAIL ENVIRONMENTS, SHOP STYLE. Parmi les livres : Retail Space \u00ab Small Stores \u00bb et Store Of The Year N\u00b019 et 21 (RSD USA). Auteur du livre \u00ab NEGOZIO DI SUCCESSO \u00bb.   <\/span>[\/vc_column_text][\/vc_column][vc_column width=&#8221;1\/4&#8243;][\/vc_column][\/vc_row]<\/p>\n<\/div>","protected":false},"excerpt":{"rendered":"<p>[vc_row woodmart_stretch_content=&#8221;section-stretch-content-no-pd&#8221; woodmart_bg_position=&#8221;center-center&#8221; css=&#8221;.vc_custom_1758290386392{margin-top: 0px !important;margin-right: -20px !important;margin-left: -20px !important;padding-top: 200px !important;padding-bottom: 200px !important;background-image: url(https:\/\/www.alessandrolucianicasa.it\/wp-content\/uploads\/2025\/09\/Presentazione_Digitale_ALC_-_6_Foto_22.jpg-scaled.webp?id=229) !important;background-position: center !important;background-repeat: no-repeat !important;background-size:<\/p>\n","protected":false},"author":1,"featured_media":0,"parent":0,"menu_order":0,"comment_status":"closed","ping_status":"closed","template":"","meta":{"footnotes":""},"class_list":["post-2315","page","type-page","status-publish","hentry"],"_links":{"self":[{"href":"https:\/\/www.alessandrolucianicasa.it\/fr\/wp-json\/wp\/v2\/pages\/2315","targetHints":{"allow":["GET"]}}],"collection":[{"href":"https:\/\/www.alessandrolucianicasa.it\/fr\/wp-json\/wp\/v2\/pages"}],"about":[{"href":"https:\/\/www.alessandrolucianicasa.it\/fr\/wp-json\/wp\/v2\/types\/page"}],"author":[{"embeddable":true,"href":"https:\/\/www.alessandrolucianicasa.it\/fr\/wp-json\/wp\/v2\/users\/1"}],"replies":[{"embeddable":true,"href":"https:\/\/www.alessandrolucianicasa.it\/fr\/wp-json\/wp\/v2\/comments?post=2315"}],"version-history":[{"count":9,"href":"https:\/\/www.alessandrolucianicasa.it\/fr\/wp-json\/wp\/v2\/pages\/2315\/revisions"}],"predecessor-version":[{"id":2348,"href":"https:\/\/www.alessandrolucianicasa.it\/fr\/wp-json\/wp\/v2\/pages\/2315\/revisions\/2348"}],"wp:attachment":[{"href":"https:\/\/www.alessandrolucianicasa.it\/fr\/wp-json\/wp\/v2\/media?parent=2315"}],"curies":[{"name":"wp","href":"https:\/\/api.w.org\/{rel}","templated":true}]}}