{"id":2381,"date":"2025-09-21T11:20:14","date_gmt":"2025-09-21T11:20:14","guid":{"rendered":"https:\/\/www.alessandrolucianicasa.it\/prodotto\/papier-peint-vibes-2\/"},"modified":"2025-10-30T12:16:40","modified_gmt":"2025-10-30T12:16:40","slug":"papier-peint-vibes-2","status":"publish","type":"product","link":"https:\/\/www.alessandrolucianicasa.it\/fr\/prodotto\/papier-peint-vibes-2\/","title":{"rendered":"Papier peint &#8211; Vibes"},"content":{"rendered":"","protected":false},"excerpt":{"rendered":"<p>Inspir\u00e9e par les vibrations des ondes d&#8217;\u00e9nergies positives, elle se r\u00e9p\u00e8te de mani\u00e8re fluide en cr\u00e9ant des \u00e9quilibres harmonieux et bichromatiques. Disponible en 4 variantes de couleurs. <\/p>\n<ul>\n<li>Papier peint avec texture en relief imprim\u00e9e sur support vinylique PVC et base TNT.<\/li>\n<li>Grammage : 370 gr.<\/li>\n<li>Technique d&#8217;impression num\u00e9rique positionn\u00e9e sur mesure pour l&#8217;optimisation<br \/>\ndes d\u00e9coupes et chutes.<\/li>\n<li>Utilisation : Contextes domestiques, h\u00f4tels, yachts, activit\u00e9s commerciales, avec application murale ou au plafond<\/li>\n<li>D\u00e9tachable et lavable avec un chiffon humide.<\/li>\n<li>Fabriqu\u00e9 en Italie<\/li>\n<\/ul>\n<p>[vc_row el_class=&#8221;contattiprodotto&#8221; woodmart_css_id=&#8221;68d5099358210&#8243; responsive_spacing=&#8221;eyJwYXJhbV90eXBlIjoid29vZG1hcnRfcmVzcG9uc2l2ZV9zcGFjaW5nIiwic2VsZWN0b3JfaWQiOiI2OGQ1MDk5MzU4MjEwIiwic2hvcnRjb2RlIjoidmNfcm93IiwiZGF0YSI6eyJ0YWJsZXQiOnt9LCJtb2JpbGUiOnt9fX0=&#8221; mobile_bg_img_hidden=&#8221;no&#8221; tablet_bg_img_hidden=&#8221;no&#8221; woodmart_parallax=&#8221;0&#8243; woodmart_gradient_switch=&#8221;no&#8221; woodmart_box_shadow=&#8221;no&#8221; wd_z_index=&#8221;no&#8221; woodmart_disable_overflow=&#8221;0&#8243; row_reverse_mobile=&#8221;0&#8243; row_reverse_tablet=&#8221;0&#8243;][vc_column woodmart_css_id=&#8221;68d50b28283c4&#8243; parallax_scroll=&#8221;no&#8221; woodmart_sticky_column=&#8221;false&#8221; wd_collapsible_content_switcher=&#8221;no&#8221; wd_column_role_offcanvas_desktop=&#8221;no&#8221; wd_column_role_offcanvas_tablet=&#8221;no&#8221; wd_column_role_offcanvas_mobile=&#8221;no&#8221; wd_column_role_content_desktop=&#8221;no&#8221; wd_column_role_content_tablet=&#8221;no&#8221; wd_column_role_content_mobile=&#8221;no&#8221; mobile_bg_img_hidden=&#8221;no&#8221; tablet_bg_img_hidden=&#8221;no&#8221; woodmart_parallax=&#8221;0&#8243; woodmart_box_shadow=&#8221;no&#8221; responsive_spacing=&#8221;eyJwYXJhbV90eXBlIjoid29vZG1hcnRfcmVzcG9uc2l2ZV9zcGFjaW5nIiwic2VsZWN0b3JfaWQiOiI2OGQ1MGIyODI4M2M0Iiwic2hvcnRjb2RlIjoidmNfY29sdW1uIiwiZGF0YSI6eyJ0YWJsZXQiOnt9LCJtb2JpbGUiOnt9fX0=&#8221; mobile_reset_margin=&#8221;no&#8221; tablet_reset_margin=&#8221;no&#8221; wd_z_index=&#8221;no&#8221;][vc_column_text css=&#8221;&#8221; woodmart_inline=&#8221;no&#8221; text_larger=&#8221;no&#8221;]<\/p>\n<p><strong>Produit personnalisable dans les dimensions.<\/strong><br \/>\nContactez-nous et demandez une personnalisation <strong><a href=\"https:\/\/www.alessandrolucianicasa.it\/fr\/service-de-design-dinterieur\/\"><u>cliquez ici<\/u><\/a><\/strong>.<\/p>\n<p>Actuellement non disponible pour la vente en ligne.<\/p>\n<p>[\/vc_column_text][\/vc_column][\/vc_row]<\/p>\n","protected":false},"featured_media":4584,"comment_status":"closed","ping_status":"closed","template":"","meta":[],"product_brand":[],"product_cat":[103,106,107],"product_tag":[],"class_list":{"0":"post-2381","1":"product","2":"type-product","3":"status-publish","4":"has-post-thumbnail","6":"product_cat-collections","7":"product_cat-ambiances","8":"product_cat-revetement-mural","10":"first","11":"instock","12":"taxable","13":"shipping-taxable","14":"product-type-simple"},"_links":{"self":[{"href":"https:\/\/www.alessandrolucianicasa.it\/fr\/wp-json\/wp\/v2\/product\/2381","targetHints":{"allow":["GET"]}}],"collection":[{"href":"https:\/\/www.alessandrolucianicasa.it\/fr\/wp-json\/wp\/v2\/product"}],"about":[{"href":"https:\/\/www.alessandrolucianicasa.it\/fr\/wp-json\/wp\/v2\/types\/product"}],"replies":[{"embeddable":true,"href":"https:\/\/www.alessandrolucianicasa.it\/fr\/wp-json\/wp\/v2\/comments?post=2381"}],"wp:featuredmedia":[{"embeddable":true,"href":"https:\/\/www.alessandrolucianicasa.it\/fr\/wp-json\/wp\/v2\/media\/4584"}],"wp:attachment":[{"href":"https:\/\/www.alessandrolucianicasa.it\/fr\/wp-json\/wp\/v2\/media?parent=2381"}],"wp:term":[{"taxonomy":"product_brand","embeddable":true,"href":"https:\/\/www.alessandrolucianicasa.it\/fr\/wp-json\/wp\/v2\/product_brand?post=2381"},{"taxonomy":"product_cat","embeddable":true,"href":"https:\/\/www.alessandrolucianicasa.it\/fr\/wp-json\/wp\/v2\/product_cat?post=2381"},{"taxonomy":"product_tag","embeddable":true,"href":"https:\/\/www.alessandrolucianicasa.it\/fr\/wp-json\/wp\/v2\/product_tag?post=2381"}],"curies":[{"name":"wp","href":"https:\/\/api.w.org\/{rel}","templated":true}]}}