{"id":2565,"date":"2025-09-20T23:00:59","date_gmt":"2025-09-20T23:00:59","guid":{"rendered":"https:\/\/www.alessandrolucianicasa.it\/prodotto\/ibiza-vide-poches-en-porcelaine-fini-a-la-main-en-or\/"},"modified":"2025-11-03T09:31:31","modified_gmt":"2025-11-03T09:31:31","slug":"ibiza-vide-poches-en-porcelaine-fini-a-la-main-en-or","status":"publish","type":"product","link":"https:\/\/www.alessandrolucianicasa.it\/fr\/prodotto\/ibiza-vide-poches-en-porcelaine-fini-a-la-main-en-or\/","title":{"rendered":"Ibiza, Vide-poches en Porcelaine filetage en Or"},"content":{"rendered":"","protected":false},"excerpt":{"rendered":"<p>Le Vide-poches de la collection Ibiza inspir\u00e9 par la couleur franche du soleil et le romantisme du coucher de soleil est r\u00e9alis\u00e9 en porcelaine italienne de haute qualit\u00e9 avec les bords finis \u00e0 la main, en Or. Vous pouvez l&#8217;utiliser comme porte-bijoux ou comme petite assiette \u00e0 placer sur la table peut-\u00eatre pour un dessert. <\/p>\n<ul>\n<li> 100 % Porcelaine Italienne<\/li>\n<li>Finition \u00e0 la main en Or.<\/li>\n<li>Dimensions : 17,5 x 17,5 cm<\/li>\n<li>Lavable au lave-vaisselle<\/li>\n<li>Handmade in Italy<\/li>\n<\/ul>\n<p>[vc_row el_class=&#8221;contattiprodotto&#8221; woodmart_css_id=&#8221;68d5099358210&#8243; responsive_spacing=&#8221;eyJwYXJhbV90eXBlIjoid29vZG1hcnRfcmVzcG9uc2l2ZV9zcGFjaW5nIiwic2VsZWN0b3JfaWQiOiI2OGQ1MDk5MzU4MjEwIiwic2hvcnRjb2RlIjoidmNfcm93IiwiZGF0YSI6eyJ0YWJsZXQiOnt9LCJtb2JpbGUiOnt9fX0=&#8221; mobile_bg_img_hidden=&#8221;no&#8221; tablet_bg_img_hidden=&#8221;no&#8221; woodmart_parallax=&#8221;0&#8243; woodmart_gradient_switch=&#8221;no&#8221; woodmart_box_shadow=&#8221;no&#8221; wd_z_index=&#8221;no&#8221; woodmart_disable_overflow=&#8221;0&#8243; row_reverse_mobile=&#8221;0&#8243; row_reverse_tablet=&#8221;0&#8243;][vc_column woodmart_css_id=&#8221;68d50b28283c4&#8243; parallax_scroll=&#8221;no&#8221; woodmart_sticky_column=&#8221;false&#8221; wd_collapsible_content_switcher=&#8221;no&#8221; wd_column_role_offcanvas_desktop=&#8221;no&#8221; wd_column_role_offcanvas_tablet=&#8221;no&#8221; wd_column_role_offcanvas_mobile=&#8221;no&#8221; wd_column_role_content_desktop=&#8221;no&#8221; wd_column_role_content_tablet=&#8221;no&#8221; wd_column_role_content_mobile=&#8221;no&#8221; mobile_bg_img_hidden=&#8221;no&#8221; tablet_bg_img_hidden=&#8221;no&#8221; woodmart_parallax=&#8221;0&#8243; woodmart_box_shadow=&#8221;no&#8221; responsive_spacing=&#8221;eyJwYXJhbV90eXBlIjoid29vZG1hcnRfcmVzcG9uc2l2ZV9zcGFjaW5nIiwic2VsZWN0b3JfaWQiOiI2OGQ1MGIyODI4M2M0Iiwic2hvcnRjb2RlIjoidmNfY29sdW1uIiwiZGF0YSI6eyJ0YWJsZXQiOnt9LCJtb2JpbGUiOnt9fX0=&#8221; mobile_reset_margin=&#8221;no&#8221; tablet_reset_margin=&#8221;no&#8221; wd_z_index=&#8221;no&#8221;][vc_column_text css=&#8221;&#8221; woodmart_inline=&#8221;no&#8221; text_larger=&#8221;no&#8221;]Le produit n&#8217;est pas disponible \u00e0 la vente en ligne.<br \/>\nPour plus de d\u00e9tails et d&#8217;informations, <strong><a href=\"https:\/\/www.alessandrolucianicasa.it\/fr\/service-clientele\/\"><u>cliquez ici<\/u><\/a><\/strong>.[\/vc_column_text][\/vc_column][\/vc_row]<\/p>\n","protected":false},"featured_media":2524,"comment_status":"closed","ping_status":"closed","template":"","meta":[],"product_brand":[],"product_cat":[126,103,104,101],"product_tag":[],"class_list":{"0":"post-2565","1":"product","2":"type-product","3":"status-publish","4":"has-post-thumbnail","6":"product_cat-arts-de-la-table","7":"product_cat-collections","8":"product_cat-ibiza","9":"product_cat-decoration-dinterieur","11":"first","12":"instock","13":"taxable","14":"shipping-taxable","15":"product-type-simple"},"_links":{"self":[{"href":"https:\/\/www.alessandrolucianicasa.it\/fr\/wp-json\/wp\/v2\/product\/2565","targetHints":{"allow":["GET"]}}],"collection":[{"href":"https:\/\/www.alessandrolucianicasa.it\/fr\/wp-json\/wp\/v2\/product"}],"about":[{"href":"https:\/\/www.alessandrolucianicasa.it\/fr\/wp-json\/wp\/v2\/types\/product"}],"replies":[{"embeddable":true,"href":"https:\/\/www.alessandrolucianicasa.it\/fr\/wp-json\/wp\/v2\/comments?post=2565"}],"wp:featuredmedia":[{"embeddable":true,"href":"https:\/\/www.alessandrolucianicasa.it\/fr\/wp-json\/wp\/v2\/media\/2524"}],"wp:attachment":[{"href":"https:\/\/www.alessandrolucianicasa.it\/fr\/wp-json\/wp\/v2\/media?parent=2565"}],"wp:term":[{"taxonomy":"product_brand","embeddable":true,"href":"https:\/\/www.alessandrolucianicasa.it\/fr\/wp-json\/wp\/v2\/product_brand?post=2565"},{"taxonomy":"product_cat","embeddable":true,"href":"https:\/\/www.alessandrolucianicasa.it\/fr\/wp-json\/wp\/v2\/product_cat?post=2565"},{"taxonomy":"product_tag","embeddable":true,"href":"https:\/\/www.alessandrolucianicasa.it\/fr\/wp-json\/wp\/v2\/product_tag?post=2565"}],"curies":[{"name":"wp","href":"https:\/\/api.w.org\/{rel}","templated":true}]}}