{"id":2795,"date":"2025-09-19T15:36:11","date_gmt":"2025-09-19T15:36:11","guid":{"rendered":"https:\/\/www.alessandrolucianicasa.it\/prodotto\/pouf-en-velours-ibiza-2\/"},"modified":"2025-09-19T15:36:11","modified_gmt":"2025-09-19T15:36:11","slug":"pouf-en-velours-ibiza-2","status":"publish","type":"product","link":"https:\/\/www.alessandrolucianicasa.it\/fr\/prodotto\/pouf-en-velours-ibiza-2\/","title":{"rendered":"Pouf en Velours Ibiza"},"content":{"rendered":"","protected":false},"excerpt":{"rendered":"<p>&nbsp;<\/p>\n<ul>\n<li>Pouf large et moelleux, r\u00e9alis\u00e9 en velours de polyester.<\/li>\n<li>Imprim\u00e9 avec des motifs exclusifs en rubans, \u00e0 la personnalit\u00e9 glamour affirm\u00e9e.<\/li>\n<li>Tissu lourd, grammage : 430 g\/m\u00b2<\/li>\n<li>Anti-taches, hydrofuge, 400 000 martindale.<\/li>\n<li>Rembourrage : Synth\u00e9tique<\/li>\n<li>Finition p\u00e9rim\u00e9trique : Passepoil.<\/li>\n<li>NON d\u00e9houssable<\/li>\n<li>Structure en bois<\/li>\n<li>Dimensions : Diam\u00e8tre 55 cm Hauteur 45 cm<\/li>\n<li>Fabriqu\u00e9 \u00e0 la main en Italie<\/li>\n<\/ul>\n","protected":false},"featured_media":2737,"comment_status":"closed","ping_status":"closed","template":"","meta":[],"product_brand":[],"product_cat":[103,104,114,154],"product_tag":[],"class_list":{"0":"post-2795","1":"product","2":"type-product","3":"status-publish","4":"has-post-thumbnail","6":"product_cat-collections","7":"product_cat-ibiza","8":"product_cat-mobilier","9":"product_cat-fauteuils-et-poufs","10":"pa_colori-aubergine-et-fuchsia","11":"pa_colori-bleu-ciel","12":"pa_colori-bleu-et-blanc","13":"pa_colori-fuchsia-et-rouge","14":"pa_colori-jaune-citron","15":"pa_colori-jaune-et-noir","16":"pa_colori-jaune-et-rose","17":"pa_colori-noir-et-blanc","18":"pa_colori-vert-bouteille","19":"pa_colori-vert-et-aubergine","21":"first","22":"instock","23":"taxable","24":"shipping-taxable","25":"purchasable","26":"product-type-variable"},"_links":{"self":[{"href":"https:\/\/www.alessandrolucianicasa.it\/fr\/wp-json\/wp\/v2\/product\/2795","targetHints":{"allow":["GET"]}}],"collection":[{"href":"https:\/\/www.alessandrolucianicasa.it\/fr\/wp-json\/wp\/v2\/product"}],"about":[{"href":"https:\/\/www.alessandrolucianicasa.it\/fr\/wp-json\/wp\/v2\/types\/product"}],"replies":[{"embeddable":true,"href":"https:\/\/www.alessandrolucianicasa.it\/fr\/wp-json\/wp\/v2\/comments?post=2795"}],"wp:featuredmedia":[{"embeddable":true,"href":"https:\/\/www.alessandrolucianicasa.it\/fr\/wp-json\/wp\/v2\/media\/2737"}],"wp:attachment":[{"href":"https:\/\/www.alessandrolucianicasa.it\/fr\/wp-json\/wp\/v2\/media?parent=2795"}],"wp:term":[{"taxonomy":"product_brand","embeddable":true,"href":"https:\/\/www.alessandrolucianicasa.it\/fr\/wp-json\/wp\/v2\/product_brand?post=2795"},{"taxonomy":"product_cat","embeddable":true,"href":"https:\/\/www.alessandrolucianicasa.it\/fr\/wp-json\/wp\/v2\/product_cat?post=2795"},{"taxonomy":"product_tag","embeddable":true,"href":"https:\/\/www.alessandrolucianicasa.it\/fr\/wp-json\/wp\/v2\/product_tag?post=2795"}],"curies":[{"name":"wp","href":"https:\/\/api.w.org\/{rel}","templated":true}]}}