{"id":3265,"date":"2025-09-19T15:37:00","date_gmt":"2025-09-19T15:37:00","guid":{"rendered":"https:\/\/www.alessandrolucianicasa.it\/prodotto\/pouf-en-velours-ibiza-4\/"},"modified":"2025-09-19T15:37:00","modified_gmt":"2025-09-19T15:37:00","slug":"pouf-en-velours-ibiza-4","status":"publish","type":"product","link":"https:\/\/www.alessandrolucianicasa.it\/fr\/prodotto\/pouf-en-velours-ibiza-4\/","title":{"rendered":"Pouf en Velours Ibiza"},"content":{"rendered":"","protected":false},"excerpt":{"rendered":"<ul>\n<li>Pouf large et moelleux, r\u00e9alis\u00e9 en velours de polyester.<\/li>\n<li>Imprim\u00e9 avec des motifs exclusifs en rubans, \u00e0 la personnalit\u00e9 glamour affirm\u00e9e.<\/li>\n<li>Tissu lourd, grammage : 430 g\/m\u00b2<\/li>\n<li>Anti-taches, hydrofuge, 400 000 martindale.<\/li>\n<li>Rembourrage : Synth\u00e9tique<\/li>\n<li>Finition p\u00e9rim\u00e9trique : Passepoil.<\/li>\n<li>NON d\u00e9houssable<\/li>\n<li>Structure en bois<\/li>\n<li>Dimensions : Diam\u00e8tre 55 cm Hauteur 45 cm<\/li>\n<li>Fabriqu\u00e9 \u00e0 la main en Italie<\/li>\n<\/ul>\n","protected":false},"featured_media":2739,"comment_status":"closed","ping_status":"closed","template":"","meta":[],"product_brand":[],"product_cat":[103,104,114,154],"product_tag":[],"class_list":{"0":"post-3265","1":"product","2":"type-product","3":"status-publish","4":"has-post-thumbnail","6":"product_cat-collections","7":"product_cat-ibiza","8":"product_cat-mobilier","9":"product_cat-fauteuils-et-poufs","10":"pa_colori-aubergine-et-fuchsia","11":"pa_colori-jaune-et-rose","12":"pa_colori-vert-et-aubergine","14":"first","15":"instock","16":"taxable","17":"shipping-taxable","18":"purchasable","19":"product-type-variable"},"_links":{"self":[{"href":"https:\/\/www.alessandrolucianicasa.it\/fr\/wp-json\/wp\/v2\/product\/3265","targetHints":{"allow":["GET"]}}],"collection":[{"href":"https:\/\/www.alessandrolucianicasa.it\/fr\/wp-json\/wp\/v2\/product"}],"about":[{"href":"https:\/\/www.alessandrolucianicasa.it\/fr\/wp-json\/wp\/v2\/types\/product"}],"replies":[{"embeddable":true,"href":"https:\/\/www.alessandrolucianicasa.it\/fr\/wp-json\/wp\/v2\/comments?post=3265"}],"wp:featuredmedia":[{"embeddable":true,"href":"https:\/\/www.alessandrolucianicasa.it\/fr\/wp-json\/wp\/v2\/media\/2739"}],"wp:attachment":[{"href":"https:\/\/www.alessandrolucianicasa.it\/fr\/wp-json\/wp\/v2\/media?parent=3265"}],"wp:term":[{"taxonomy":"product_brand","embeddable":true,"href":"https:\/\/www.alessandrolucianicasa.it\/fr\/wp-json\/wp\/v2\/product_brand?post=3265"},{"taxonomy":"product_cat","embeddable":true,"href":"https:\/\/www.alessandrolucianicasa.it\/fr\/wp-json\/wp\/v2\/product_cat?post=3265"},{"taxonomy":"product_tag","embeddable":true,"href":"https:\/\/www.alessandrolucianicasa.it\/fr\/wp-json\/wp\/v2\/product_tag?post=3265"}],"curies":[{"name":"wp","href":"https:\/\/api.w.org\/{rel}","templated":true}]}}