{"id":3266,"date":"2025-09-19T15:48:42","date_gmt":"2025-09-19T15:48:42","guid":{"rendered":"https:\/\/www.alessandrolucianicasa.it\/prodotto\/pouf-en-velours-aladdin-2\/"},"modified":"2025-10-20T09:13:06","modified_gmt":"2025-10-20T09:13:06","slug":"pouf-en-velours-aladdin-2","status":"publish","type":"product","link":"https:\/\/www.alessandrolucianicasa.it\/fr\/prodotto\/pouf-en-velours-aladdin-2\/","title":{"rendered":"Pouf en Velours Aladdin"},"content":{"rendered":"","protected":false},"excerpt":{"rendered":"<p>Pouf large et moelleux, r\u00e9alis\u00e9 en velours polyester.<br \/>\nImprim\u00e9 avec des motifs exclusifs aux rubans, \u00e0 la personnalit\u00e9 Glamour affirm\u00e9e.<\/p>\n<ul>\n<li>Tissu lourd, grammage : 430 g\/m\u00b2<\/li>\n<li>Anti-taches, hydrofuge, 400 000 martindale.<\/li>\n<li>Rembourrage : Synth\u00e9tique<\/li>\n<li>Finition p\u00e9rim\u00e9trique : Passepoil.<\/li>\n<li>NON d\u00e9houssable<\/li>\n<li>Structure en bois rembourr\u00e9e avec base en finition m\u00e9tallique Or.<\/li>\n<li>Dimensions : Diam\u00e8tre 55 cm Hauteur 45 cm<\/li>\n<li>Fabriqu\u00e9 \u00e0 la main en Italie<\/li>\n<\/ul>\n","protected":false},"featured_media":2749,"comment_status":"closed","ping_status":"closed","template":"","meta":[],"product_brand":[],"product_cat":[103,123,114,154],"product_tag":[],"class_list":{"0":"post-3266","1":"product","2":"type-product","3":"status-publish","4":"has-post-thumbnail","6":"product_cat-collections","7":"product_cat-aladdin","8":"product_cat-mobilier","9":"product_cat-fauteuils-et-poufs","10":"pa_colori-bleu-ciel","11":"pa_colori-bleu-et-blanc","12":"pa_colori-fuchsia-et-rouge","13":"pa_colori-jaune-citron","14":"pa_colori-vert-bouteille","16":"first","17":"instock","18":"taxable","19":"shipping-taxable","20":"purchasable","21":"product-type-variable"},"_links":{"self":[{"href":"https:\/\/www.alessandrolucianicasa.it\/fr\/wp-json\/wp\/v2\/product\/3266","targetHints":{"allow":["GET"]}}],"collection":[{"href":"https:\/\/www.alessandrolucianicasa.it\/fr\/wp-json\/wp\/v2\/product"}],"about":[{"href":"https:\/\/www.alessandrolucianicasa.it\/fr\/wp-json\/wp\/v2\/types\/product"}],"replies":[{"embeddable":true,"href":"https:\/\/www.alessandrolucianicasa.it\/fr\/wp-json\/wp\/v2\/comments?post=3266"}],"wp:featuredmedia":[{"embeddable":true,"href":"https:\/\/www.alessandrolucianicasa.it\/fr\/wp-json\/wp\/v2\/media\/2749"}],"wp:attachment":[{"href":"https:\/\/www.alessandrolucianicasa.it\/fr\/wp-json\/wp\/v2\/media?parent=3266"}],"wp:term":[{"taxonomy":"product_brand","embeddable":true,"href":"https:\/\/www.alessandrolucianicasa.it\/fr\/wp-json\/wp\/v2\/product_brand?post=3266"},{"taxonomy":"product_cat","embeddable":true,"href":"https:\/\/www.alessandrolucianicasa.it\/fr\/wp-json\/wp\/v2\/product_cat?post=3266"},{"taxonomy":"product_tag","embeddable":true,"href":"https:\/\/www.alessandrolucianicasa.it\/fr\/wp-json\/wp\/v2\/product_tag?post=3266"}],"curies":[{"name":"wp","href":"https:\/\/api.w.org\/{rel}","templated":true}]}}