{"id":3315,"date":"2025-09-16T14:33:42","date_gmt":"2025-09-16T14:33:42","guid":{"rendered":"https:\/\/www.alessandrolucianicasa.it\/prodotto\/assiette-plate-aladdin-en-porcelaine-avec-finition-or-a-la-main\/"},"modified":"2025-11-02T19:18:18","modified_gmt":"2025-11-02T19:18:18","slug":"assiette-plate-aladdin-en-porcelaine-avec-finition-or-a-la-main","status":"publish","type":"product","link":"https:\/\/www.alessandrolucianicasa.it\/fr\/prodotto\/assiette-plate-aladdin-en-porcelaine-avec-finition-or-a-la-main\/","title":{"rendered":"Aladdin Assiette plate en porcelaine avec filet d&#8217;or"},"content":{"rendered":"","protected":false},"excerpt":{"rendered":"<p>L&#8217;assiette plate de la collection Aladdin est inspir\u00e9e des couleurs de la mer. Elle est r\u00e9alis\u00e9e en porcelaine italienne avec des bords finis \u00e0 la main en or. Pour une \u00ab mise en place \u00bb parfaite, compl\u00e9tez l&#8217;ensemble avec l&#8217;assiette creuse et le marque-place de la m\u00eame collection.  <\/p>\n<ul>\n<li> 100 % Porcelaine Italienne<\/li>\n<li>Finition \u00e0 la main en Or.<\/li>\n<li>Dimensions : Diam. 26 cm <\/li>\n<li>Lavable au lave-vaisselle<\/li>\n<li>Handmade in Italy<\/li>\n<\/ul>\n<p>[vc_row el_class=&#8221;contattiprodotto&#8221; woodmart_css_id=&#8221;68d5099358210&#8243; responsive_spacing=&#8221;eyJwYXJhbV90eXBlIjoid29vZG1hcnRfcmVzcG9uc2l2ZV9zcGFjaW5nIiwic2VsZWN0b3JfaWQiOiI2OGQ1MDk5MzU4MjEwIiwic2hvcnRjb2RlIjoidmNfcm93IiwiZGF0YSI6eyJ0YWJsZXQiOnt9LCJtb2JpbGUiOnt9fX0=&#8221; mobile_bg_img_hidden=&#8221;no&#8221; tablet_bg_img_hidden=&#8221;no&#8221; woodmart_parallax=&#8221;0&#8243; woodmart_gradient_switch=&#8221;no&#8221; woodmart_box_shadow=&#8221;no&#8221; wd_z_index=&#8221;no&#8221; woodmart_disable_overflow=&#8221;0&#8243; row_reverse_mobile=&#8221;0&#8243; row_reverse_tablet=&#8221;0&#8243;][vc_column woodmart_css_id=&#8221;68d50b28283c4&#8243; parallax_scroll=&#8221;no&#8221; woodmart_sticky_column=&#8221;false&#8221; wd_collapsible_content_switcher=&#8221;no&#8221; wd_column_role_offcanvas_desktop=&#8221;no&#8221; wd_column_role_offcanvas_tablet=&#8221;no&#8221; wd_column_role_offcanvas_mobile=&#8221;no&#8221; wd_column_role_content_desktop=&#8221;no&#8221; wd_column_role_content_tablet=&#8221;no&#8221; wd_column_role_content_mobile=&#8221;no&#8221; mobile_bg_img_hidden=&#8221;no&#8221; tablet_bg_img_hidden=&#8221;no&#8221; woodmart_parallax=&#8221;0&#8243; woodmart_box_shadow=&#8221;no&#8221; responsive_spacing=&#8221;eyJwYXJhbV90eXBlIjoid29vZG1hcnRfcmVzcG9uc2l2ZV9zcGFjaW5nIiwic2VsZWN0b3JfaWQiOiI2OGQ1MGIyODI4M2M0Iiwic2hvcnRjb2RlIjoidmNfY29sdW1uIiwiZGF0YSI6eyJ0YWJsZXQiOnt9LCJtb2JpbGUiOnt9fX0=&#8221; mobile_reset_margin=&#8221;no&#8221; tablet_reset_margin=&#8221;no&#8221; wd_z_index=&#8221;no&#8221;][vc_column_text css=&#8221;&#8221; woodmart_inline=&#8221;no&#8221; text_larger=&#8221;no&#8221;]Le produit n&#8217;est pas disponible \u00e0 la vente en ligne.<br \/>\nPour plus de d\u00e9tails et d&#8217;informations, <strong><a href=\"https:\/\/www.alessandrolucianicasa.it\/fr\/service-clientele\/\"><u>cliquez ici<\/u><\/a><\/strong>.[\/vc_column_text][\/vc_column][\/vc_row]<\/p>\n","protected":false},"featured_media":3316,"comment_status":"closed","ping_status":"closed","template":"","meta":[],"product_brand":[],"product_cat":[126,103,123],"product_tag":[],"class_list":{"0":"post-3315","1":"product","2":"type-product","3":"status-publish","4":"has-post-thumbnail","6":"product_cat-arts-de-la-table","7":"product_cat-collections","8":"product_cat-aladdin","10":"first","11":"instock","12":"taxable","13":"shipping-taxable","14":"product-type-simple"},"_links":{"self":[{"href":"https:\/\/www.alessandrolucianicasa.it\/fr\/wp-json\/wp\/v2\/product\/3315","targetHints":{"allow":["GET"]}}],"collection":[{"href":"https:\/\/www.alessandrolucianicasa.it\/fr\/wp-json\/wp\/v2\/product"}],"about":[{"href":"https:\/\/www.alessandrolucianicasa.it\/fr\/wp-json\/wp\/v2\/types\/product"}],"replies":[{"embeddable":true,"href":"https:\/\/www.alessandrolucianicasa.it\/fr\/wp-json\/wp\/v2\/comments?post=3315"}],"wp:featuredmedia":[{"embeddable":true,"href":"https:\/\/www.alessandrolucianicasa.it\/fr\/wp-json\/wp\/v2\/media\/3316"}],"wp:attachment":[{"href":"https:\/\/www.alessandrolucianicasa.it\/fr\/wp-json\/wp\/v2\/media?parent=3315"}],"wp:term":[{"taxonomy":"product_brand","embeddable":true,"href":"https:\/\/www.alessandrolucianicasa.it\/fr\/wp-json\/wp\/v2\/product_brand?post=3315"},{"taxonomy":"product_cat","embeddable":true,"href":"https:\/\/www.alessandrolucianicasa.it\/fr\/wp-json\/wp\/v2\/product_cat?post=3315"},{"taxonomy":"product_tag","embeddable":true,"href":"https:\/\/www.alessandrolucianicasa.it\/fr\/wp-json\/wp\/v2\/product_tag?post=3315"}],"curies":[{"name":"wp","href":"https:\/\/api.w.org\/{rel}","templated":true}]}}