{"id":3347,"date":"2025-09-11T13:14:43","date_gmt":"2025-09-11T13:14:43","guid":{"rendered":"https:\/\/www.alessandrolucianicasa.it\/prodotto\/grand-coussin-en-velours-double-face-vibes-2\/"},"modified":"2025-10-25T21:49:27","modified_gmt":"2025-10-25T21:49:27","slug":"grand-coussin-en-velours-double-face-vibes-2","status":"publish","type":"product","link":"https:\/\/www.alessandrolucianicasa.it\/fr\/prodotto\/grand-coussin-en-velours-double-face-vibes-2\/","title":{"rendered":"Coussin en Velours Double Face Vibes"},"content":{"rendered":"<div class=\"wpb-content-wrapper\"><p>[vc_row full_width=&#8221;stretch_row&#8221; content_placement=&#8221;top&#8221; woodmart_bg_position=&#8221;right-top&#8221; css=&#8221;.vc_custom_1757588099855{margin-bottom: 10px !important;background-position: 0 0 !important;background-repeat: no-repeat !important;}&#8221; woodmart_css_id=&#8221;68c2aa7e545d2&#8243; responsive_spacing=&#8221;eyJwYXJhbV90eXBlIjoid29vZG1hcnRfcmVzcG9uc2l2ZV9zcGFjaW5nIiwic2VsZWN0b3JfaWQiOiI2OGMyYWE3ZTU0NWQyIiwic2hvcnRjb2RlIjoidmNfcm93IiwiZGF0YSI6eyJ0YWJsZXQiOnsicGFkZGluZy10b3AiOiI2MHB4In0sIm1vYmlsZSI6e319fQ==&#8221; mobile_bg_img_hidden=&#8221;no&#8221; tablet_bg_img_hidden=&#8221;no&#8221; woodmart_parallax=&#8221;0&#8243; woodmart_gradient_switch=&#8221;no&#8221; row_reverse_mobile=&#8221;0&#8243; row_reverse_tablet=&#8221;0&#8243; woodmart_disable_overflow=&#8221;0&#8243; woodmart_box_shadow=&#8221;no&#8221; wd_z_index=&#8221;no&#8221;][vc_column width=&#8221;1\/2&#8243; css=&#8221;.vc_custom_1757588091951{margin-bottom: 20px !important;padding-top: 0px !important;}&#8221; woodmart_css_id=&#8221;68c2aa6d24252&#8243; responsive_spacing=&#8221;eyJwYXJhbV90eXBlIjoid29vZG1hcnRfcmVzcG9uc2l2ZV9zcGFjaW5nIiwic2VsZWN0b3JfaWQiOiI2OGMyYWE2ZDI0MjUyIiwic2hvcnRjb2RlIjoidmNfY29sdW1uIiwiZGF0YSI6eyJ0YWJsZXQiOnt9LCJtb2JpbGUiOnt9fX0=&#8221; parallax_scroll=&#8221;no&#8221; mobile_bg_img_hidden=&#8221;no&#8221; tablet_bg_img_hidden=&#8221;no&#8221; woodmart_parallax=&#8221;0&#8243; woodmart_sticky_column=&#8221;false&#8221; mobile_reset_margin=&#8221;no&#8221; tablet_reset_margin=&#8221;no&#8221; wd_collapsible_content_switcher=&#8221;no&#8221; wd_column_role_offcanvas_desktop=&#8221;no&#8221; wd_column_role_offcanvas_tablet=&#8221;no&#8221; wd_column_role_offcanvas_mobile=&#8221;no&#8221; wd_column_role_content_desktop=&#8221;no&#8221; wd_column_role_content_tablet=&#8221;no&#8221; wd_column_role_content_mobile=&#8221;no&#8221; woodmart_box_shadow=&#8221;no&#8221; wd_z_index=&#8221;no&#8221;]\t\t<div id=\"gallery_944\" class=\"wd-images-gallery wd-wpb wd-rs-68c2a9b36c26e photoswipe-images\" style=\"--wd-justify-content:center;--wd-align-items:center;\">\n\t\t\t\n\t\t\t<div class=\" wd-grid-f-col wd-masonry\" style=\"--wd-col-lg:2;--wd-col-md:2;--wd-col-sm:1;--wd-gap-lg:6px;\">\n\t\t\t\t\n\t\t\t\t\t\t\t\t\t\t\t\t\t\t\t<div class=\"wd-gallery-item wd-col\">\n\t\t\t\t\t\t\t\t\t\t\t\t\t\t<a href=\"https:\/\/www.alessandrolucianicasa.it\/wp-content\/uploads\/2025\/09\/watches-image-1-opt.jpg\" data-elementor-open-lightbox=\"no\" data-index=\"1\" data-width=\"400\" data-height=\"548\" \n\t\t\t\t\t\t\t\t\t\t\t\t >\n\t\t\t\t\t\t\t\t\n\t\t\t\t\t\t\t\t<img loading=\"lazy\" decoding=\"async\" width=\"400\" height=\"548\" src=\"https:\/\/www.alessandrolucianicasa.it\/wp-content\/uploads\/2025\/09\/watches-image-1-opt.jpg\" class=\"wd-gallery-image image-1\" alt=\"\" srcset=\"https:\/\/www.alessandrolucianicasa.it\/wp-content\/uploads\/2025\/09\/watches-image-1-opt.jpg 400w, https:\/\/www.alessandrolucianicasa.it\/wp-content\/uploads\/2025\/09\/watches-image-1-opt-150x206.jpg 150w, https:\/\/www.alessandrolucianicasa.it\/wp-content\/uploads\/2025\/09\/watches-image-1-opt-219x300.jpg 219w\" sizes=\"auto, (max-width: 400px) 100vw, 400px\" \/>\n\t\t\t\t\t\t\t\t\t\t\t\t\t\t\t<\/a>\n\t\t\t\t\t\t\t\t\t\t\t\t<\/div>\n\t\t\t\t\t\t\t\t\t\t\t<div class=\"wd-gallery-item wd-col\">\n\t\t\t\t\t\t\t\t\t\t\t\t\t\t<a href=\"https:\/\/www.alessandrolucianicasa.it\/wp-content\/uploads\/2025\/09\/watches-image-2-opt.jpg\" data-elementor-open-lightbox=\"no\" data-index=\"2\" data-width=\"400\" data-height=\"269\" \n\t\t\t\t\t\t\t\t\t\t\t\t >\n\t\t\t\t\t\t\t\t\n\t\t\t\t\t\t\t\t<img loading=\"lazy\" decoding=\"async\" width=\"400\" height=\"269\" src=\"https:\/\/www.alessandrolucianicasa.it\/wp-content\/uploads\/2025\/09\/watches-image-2-opt.jpg\" class=\"wd-gallery-image image-2\" alt=\"\" srcset=\"https:\/\/www.alessandrolucianicasa.it\/wp-content\/uploads\/2025\/09\/watches-image-2-opt.jpg 400w, https:\/\/www.alessandrolucianicasa.it\/wp-content\/uploads\/2025\/09\/watches-image-2-opt-150x101.jpg 150w, https:\/\/www.alessandrolucianicasa.it\/wp-content\/uploads\/2025\/09\/watches-image-2-opt-300x202.jpg 300w\" sizes=\"auto, (max-width: 400px) 100vw, 400px\" \/>\n\t\t\t\t\t\t\t\t\t\t\t\t\t\t\t<\/a>\n\t\t\t\t\t\t\t\t\t\t\t\t<\/div>\n\t\t\t\t\t\t\t\t\t\t\t<div class=\"wd-gallery-item wd-col\">\n\t\t\t\t\t\t\t\t\t\t\t\t\t\t<a href=\"https:\/\/www.alessandrolucianicasa.it\/wp-content\/uploads\/2025\/09\/watches-image-3-opt.jpg\" data-elementor-open-lightbox=\"no\" data-index=\"3\" data-width=\"400\" data-height=\"269\" \n\t\t\t\t\t\t\t\t\t\t\t\t >\n\t\t\t\t\t\t\t\t\n\t\t\t\t\t\t\t\t<img loading=\"lazy\" decoding=\"async\" width=\"400\" height=\"269\" src=\"https:\/\/www.alessandrolucianicasa.it\/wp-content\/uploads\/2025\/09\/watches-image-3-opt.jpg\" class=\"wd-gallery-image image-3\" alt=\"\" srcset=\"https:\/\/www.alessandrolucianicasa.it\/wp-content\/uploads\/2025\/09\/watches-image-3-opt.jpg 400w, https:\/\/www.alessandrolucianicasa.it\/wp-content\/uploads\/2025\/09\/watches-image-3-opt-150x101.jpg 150w, https:\/\/www.alessandrolucianicasa.it\/wp-content\/uploads\/2025\/09\/watches-image-3-opt-300x202.jpg 300w\" sizes=\"auto, (max-width: 400px) 100vw, 400px\" \/>\n\t\t\t\t\t\t\t\t\t\t\t\t\t\t\t<\/a>\n\t\t\t\t\t\t\t\t\t\t\t\t<\/div>\n\t\t\t\t\t\t\t\t\t\n\t\t\t\t\t\t\t<\/div>\n\n\t\t\t\t\t<\/div>\n\t\t[\/vc_column][vc_column width=&#8221;1\/2&#8243; css=&#8221;.vc_custom_1627997475630{padding-top: 0px !important;}&#8221; woodmart_css_id=&#8221;610945202aa44&#8243; responsive_spacing=&#8221;eyJwYXJhbV90eXBlIjoid29vZG1hcnRfcmVzcG9uc2l2ZV9zcGFjaW5nIiwic2VsZWN0b3JfaWQiOiI2MTA5NDUyMDJhYTQ0Iiwic2hvcnRjb2RlIjoidmNfY29sdW1uIiwiZGF0YSI6eyJ0YWJsZXQiOnt9LCJtb2JpbGUiOnt9fX0=&#8221; parallax_scroll=&#8221;no&#8221; mobile_bg_img_hidden=&#8221;no&#8221; tablet_bg_img_hidden=&#8221;no&#8221; woodmart_parallax=&#8221;0&#8243; woodmart_sticky_column=&#8221;false&#8221; mobile_reset_margin=&#8221;no&#8221; tablet_reset_margin=&#8221;no&#8221;]\n\t\t<div id=\"wd-68c2a74dcafa3\" class=\"title-wrapper wd-wpb wd-set-mb reset-last-child  wd-rs-68c2a74dcafa3 wd-title-color-default wd-title-style-default text-left vc_custom_1757587309577 wd-underline-bordered\">\n\t\t\t\n\t\t\t<div class=\"liner-continer\">\n\t\t\t\t<h4 class=\"woodmart-title-container title  wd-font-weight-300 wd-fontsize-l\" >Informations suppl\u00e9mentaires concernant le <strong><u>produit en vente.<\/u><\/strong><\/h4>\n\t\t\t\t\t\t\t<\/div>\n\t\t\t\n\t\t\t\n\t\t\t\n\t\t<\/div>\n\t\t\n\t\t\t\t<div id=\"wd-68c2a771e4e6c\" class=\"wd-text-block wd-wpb reset-last-child wd-rs-68c2a771e4e6c text-left wd-fontsize-custom vc_custom_1757587389285\">\n\t\t\t<p>Lorem ipsum dolor sit amet, consectetur adipisci elit, sed eiusmod tempor incidunt ut labore et dolore magna aliqua. Ut enim ad minim veniam, quis nosLorem ipsum dolor sit amet, consectetur adipisci elit, sed eiusmod tempor incidunt ut labore et dolore magna aliqua. Ut enim ad minim veniam, quis nos&#8230;<\/p>\n\t\t<\/div>\n\t\t[vc_separator color=&#8221;custom&#8221; accent_color=&#8221;#efefef&#8221;]\n\t\t<div id=\"wd-68c2a9ef357ec\" class=\"title-wrapper wd-wpb wd-set-mb reset-last-child  wd-rs-68c2a9ef357ec wd-title-color-default wd-title-style-default text-left vc_custom_1757587986373 wd-underline-bordered\">\n\t\t\t\n\t\t\t<div class=\"liner-continer\">\n\t\t\t\t<h4 class=\"woodmart-title-container title  wd-font-weight-300 wd-fontsize-l\" >Vous souhaitez un produit personnalis\u00e9 ? <strong><u>\u00c9crivez-nous !<\/u><\/strong><\/h4>\n\t\t\t\t\t\t\t<\/div>\n\t\t\t\n\t\t\t\n\t\t\t\n\t\t<\/div>\n\t\t\n\t\t\n<div class=\"wpcf7 no-js\" id=\"wpcf7-f3204-o1\" lang=\"fr-FR\" dir=\"ltr\" data-wpcf7-id=\"3204\">\n<div class=\"screen-reader-response\"><p role=\"status\" aria-live=\"polite\" aria-atomic=\"true\"><\/p> <ul><\/ul><\/div>\n<form action=\"\/fr\/wp-json\/wp\/v2\/product\/3347#wpcf7-f3204-o1\" method=\"post\" class=\"wpcf7-form init\" aria-label=\"Formulaire de contact\" novalidate=\"novalidate\" data-status=\"init\">\n<fieldset class=\"hidden-fields-container\"><input type=\"hidden\" name=\"_wpcf7\" value=\"3204\" \/><input type=\"hidden\" name=\"_wpcf7_version\" value=\"6.1.2\" \/><input type=\"hidden\" name=\"_wpcf7_locale\" value=\"fr_FR\" \/><input type=\"hidden\" name=\"_wpcf7_unit_tag\" value=\"wpcf7-f3204-o1\" \/><input type=\"hidden\" name=\"_wpcf7_container_post\" value=\"0\" \/><input type=\"hidden\" name=\"_wpcf7_posted_data_hash\" value=\"\" \/>\n<\/fieldset>\n<p>R\u00e9servez d\u00e8s maintenant votre rendez-vous avec l'un de nos Designers pour une consultation personnalis\u00e9e.\n<\/p>\n<p><label> Nom*<br \/>\n<span class=\"wpcf7-form-control-wrap\" data-name=\"your-name\"><input size=\"40\" maxlength=\"400\" class=\"wpcf7-form-control wpcf7-text wpcf7-validates-as-required\" autocomplete=\"name\" aria-required=\"true\" aria-invalid=\"false\" value=\"\" type=\"text\" name=\"your-name\" \/><\/span> <\/label>\n<\/p>\n<p><label> Nom*<br \/>\n<span class=\"wpcf7-form-control-wrap\" data-name=\"your-last\"><input size=\"40\" maxlength=\"400\" class=\"wpcf7-form-control wpcf7-text wpcf7-validates-as-required\" autocomplete=\"name\" aria-required=\"true\" aria-invalid=\"false\" value=\"\" type=\"text\" name=\"your-last\" \/><\/span> <\/label>\n<\/p>\n<p><label> Email*<br \/>\n<span class=\"wpcf7-form-control-wrap\" data-name=\"your-email\"><input size=\"40\" maxlength=\"400\" class=\"wpcf7-form-control wpcf7-email wpcf7-validates-as-required wpcf7-text wpcf7-validates-as-email\" autocomplete=\"email\" aria-required=\"true\" aria-invalid=\"false\" value=\"\" type=\"email\" name=\"your-email\" \/><\/span> <\/label>\n<\/p>\n<p><label> Num\u00e9ro de t\u00e9l\u00e9phone*<br \/>\n<span class=\"wpcf7-form-control-wrap\" data-name=\"your-tel\"><input size=\"40\" maxlength=\"400\" class=\"wpcf7-form-control wpcf7-tel wpcf7-validates-as-required wpcf7-text wpcf7-validates-as-tel\" autocomplete=\"email\" aria-required=\"true\" aria-invalid=\"false\" value=\"\" type=\"tel\" name=\"your-tel\" \/><\/span> <\/label>\n<\/p>\n<p><label> Message (faites une br\u00e8ve description de votre demande)<br \/>\n<span class=\"wpcf7-form-control-wrap\" data-name=\"your-message\"><textarea cols=\"40\" rows=\"10\" maxlength=\"2000\" class=\"wpcf7-form-control wpcf7-textarea\" aria-invalid=\"false\" name=\"your-message\"><\/textarea><\/span> <\/label>\n<\/p>\n<p><span class=\"wpcf7-form-control-wrap\" data-name=\"accettazione_privacy\"><span class=\"wpcf7-form-control wpcf7-acceptance\"><span class=\"wpcf7-list-item\"><label><input type=\"checkbox\" name=\"accettazione_privacy\" value=\"1\" aria-invalid=\"false\" \/><span class=\"wpcf7-list-item-label\">J'accepte l'utilisation de mes donn\u00e9es comme indiqu\u00e9 dans la <a href=\"http:\/\/www.alessandrolucianicasa.it\/privacy-policy\/\" target=\"_blank\">Politique de Confidentialit\u00e9*<\/a>.<\/span><\/label><\/span><\/span><\/span>\n<\/p>\n<p><input class=\"wpcf7-form-control wpcf7-submit has-spinner\" type=\"submit\" value=\"Envoyer\" \/>\n<\/p><div class=\"wpcf7-response-output\" aria-hidden=\"true\"><\/div>\n<\/form>\n<\/div>\n[\/vc_column][\/vc_row]<\/p>\n<\/div>","protected":false},"excerpt":{"rendered":"<p>Coussin de la collection Vibes, imprim\u00e9 sur velours doux.<\/p>\n<ul>\n<li>Tissu polyester lourd, grammage : 430 g\/m\u00b2 antitache.<\/li>\n<li>D\u00e9perlant, 400 000 martindale.<\/li>\n<li>Rembourrage : Plumes d&#8217;oie.<\/li>\n<li>Finition : Impression Double Face couleurs diff\u00e9rentes.<\/li>\n<li>Finition p\u00e9rim\u00e9trale : Passepoil.<\/li>\n<li>D\u00e9houssable.<\/li>\n<li>Lavable en machine<\/li>\n<li>Dimensions : 45&#215;45 cm<\/li>\n<\/ul>\n<p><img loading=\"lazy\" decoding=\"async\" class=\"alignnone wp-image-3786\" src=\"https:\/\/www.alessandrolucianicasa.it\/wp-content\/uploads\/2025\/10\/Foto-simboli-lavaggio-2-300x56.jpg\" alt=\"\" width=\"155\" height=\"29\" srcset=\"https:\/\/www.alessandrolucianicasa.it\/wp-content\/uploads\/2025\/10\/Foto-simboli-lavaggio-2-300x56.jpg 300w, https:\/\/www.alessandrolucianicasa.it\/wp-content\/uploads\/2025\/10\/Foto-simboli-lavaggio-2-200x37.jpg 200w, https:\/\/www.alessandrolucianicasa.it\/wp-content\/uploads\/2025\/10\/Foto-simboli-lavaggio-2-600x111.jpg 600w, https:\/\/www.alessandrolucianicasa.it\/wp-content\/uploads\/2025\/10\/Foto-simboli-lavaggio-2-768x143.jpg 768w, https:\/\/www.alessandrolucianicasa.it\/wp-content\/uploads\/2025\/10\/Foto-simboli-lavaggio-2.jpg 829w\" sizes=\"auto, (max-width: 155px) 100vw, 155px\" \/><\/p>\n<p>[vc_row][vc_column width=&#8221;1\/6&#8243; css=&#8221;.vc_custom_1760903744610{margin-bottom: -20px !important;}&#8221; woodmart_css_id=&#8221;68f542357a198&#8243; parallax_scroll=&#8221;no&#8221; woodmart_sticky_column=&#8221;false&#8221; wd_collapsible_content_switcher=&#8221;no&#8221; wd_column_role_offcanvas_desktop=&#8221;no&#8221; wd_column_role_offcanvas_tablet=&#8221;no&#8221; wd_column_role_offcanvas_mobile=&#8221;no&#8221; wd_column_role_content_desktop=&#8221;no&#8221; wd_column_role_content_tablet=&#8221;no&#8221; wd_column_role_content_mobile=&#8221;no&#8221; mobile_bg_img_hidden=&#8221;no&#8221; tablet_bg_img_hidden=&#8221;no&#8221; woodmart_parallax=&#8221;0&#8243; woodmart_box_shadow=&#8221;no&#8221; responsive_spacing=&#8221;eyJwYXJhbV90eXBlIjoid29vZG1hcnRfcmVzcG9uc2l2ZV9zcGFjaW5nIiwic2VsZWN0b3JfaWQiOiI2OGY1NDIzNTdhMTk4Iiwic2hvcnRjb2RlIjoidmNfY29sdW1uIiwiZGF0YSI6eyJ0YWJsZXQiOnt9LCJtb2JpbGUiOnt9fX0=&#8221; mobile_reset_margin=&#8221;no&#8221; tablet_reset_margin=&#8221;no&#8221; wd_z_index=&#8221;no&#8221;][vc_icon icon_fontawesome=&#8221;fa fa-solid fa-truck&#8221; color=&#8221;black&#8221; size=&#8221;sm&#8221; css=&#8221;&#8221;][\/vc_column][vc_column width=&#8221;2\/3&#8243; woodmart_text_align=&#8221;left&#8221; woodmart_css_id=&#8221;68f541ce640e6&#8243; parallax_scroll=&#8221;no&#8221; woodmart_sticky_column=&#8221;false&#8221; wd_collapsible_content_switcher=&#8221;no&#8221; wd_column_role_offcanvas_desktop=&#8221;no&#8221; wd_column_role_offcanvas_tablet=&#8221;no&#8221; wd_column_role_offcanvas_mobile=&#8221;no&#8221; wd_column_role_content_desktop=&#8221;no&#8221; wd_column_role_content_tablet=&#8221;no&#8221; wd_column_role_content_mobile=&#8221;no&#8221; mobile_bg_img_hidden=&#8221;no&#8221; tablet_bg_img_hidden=&#8221;no&#8221; woodmart_parallax=&#8221;0&#8243; woodmart_box_shadow=&#8221;no&#8221; responsive_spacing=&#8221;eyJwYXJhbV90eXBlIjoid29vZG1hcnRfcmVzcG9uc2l2ZV9zcGFjaW5nIiwic2VsZWN0b3JfaWQiOiI2OGY1NDFjZTY0MGU2Iiwic2hvcnRjb2RlIjoidmNfY29sdW1uIiwiZGF0YSI6eyJ0YWJsZXQiOnt9LCJtb2JpbGUiOnt9fX0=&#8221; mobile_reset_margin=&#8221;no&#8221; tablet_reset_margin=&#8221;no&#8221; wd_z_index=&#8221;no&#8221; css=&#8221;.vc_custom_1760903636752{margin-top: 10px !important;}&#8221;][vc_column_text css=&#8221;&#8221; woodmart_inline=&#8221;no&#8221; text_larger=&#8221;no&#8221;]Livraison sous 2 semaines[\/vc_column_text][\/vc_column][vc_column width=&#8221;1\/6&#8243;][\/vc_column][\/vc_row]<\/p>\n","protected":false},"featured_media":3350,"comment_status":"closed","ping_status":"closed","template":"","meta":[],"product_brand":[],"product_cat":[103,106,101,102],"product_tag":[],"class_list":{"0":"post-3347","1":"product","2":"type-product","3":"status-publish","4":"has-post-thumbnail","6":"product_cat-collections","7":"product_cat-ambiances","8":"product_cat-decoration-dinterieur","9":"product_cat-coussins","10":"product_shipping_class-jusqua-5-kg","12":"first","13":"instock","14":"taxable","15":"shipping-taxable","16":"purchasable","17":"product-type-simple"},"_links":{"self":[{"href":"https:\/\/www.alessandrolucianicasa.it\/fr\/wp-json\/wp\/v2\/product\/3347","targetHints":{"allow":["GET"]}}],"collection":[{"href":"https:\/\/www.alessandrolucianicasa.it\/fr\/wp-json\/wp\/v2\/product"}],"about":[{"href":"https:\/\/www.alessandrolucianicasa.it\/fr\/wp-json\/wp\/v2\/types\/product"}],"replies":[{"embeddable":true,"href":"https:\/\/www.alessandrolucianicasa.it\/fr\/wp-json\/wp\/v2\/comments?post=3347"}],"wp:featuredmedia":[{"embeddable":true,"href":"https:\/\/www.alessandrolucianicasa.it\/fr\/wp-json\/wp\/v2\/media\/3350"}],"wp:attachment":[{"href":"https:\/\/www.alessandrolucianicasa.it\/fr\/wp-json\/wp\/v2\/media?parent=3347"}],"wp:term":[{"taxonomy":"product_brand","embeddable":true,"href":"https:\/\/www.alessandrolucianicasa.it\/fr\/wp-json\/wp\/v2\/product_brand?post=3347"},{"taxonomy":"product_cat","embeddable":true,"href":"https:\/\/www.alessandrolucianicasa.it\/fr\/wp-json\/wp\/v2\/product_cat?post=3347"},{"taxonomy":"product_tag","embeddable":true,"href":"https:\/\/www.alessandrolucianicasa.it\/fr\/wp-json\/wp\/v2\/product_tag?post=3347"}],"curies":[{"name":"wp","href":"https:\/\/api.w.org\/{rel}","templated":true}]}}